{"id":10,"date":"2019-09-12T07:00:48","date_gmt":"2019-09-12T07:00:48","guid":{"rendered":"http:\/\/sodecao.cm\/?page_id=10"},"modified":"2023-10-12T13:01:11","modified_gmt":"2023-10-12T13:01:11","slug":"mot-du-directeur-general","status":"publish","type":"page","link":"https:\/\/sodecao.cm\/en\/mot-du-directeur-general\/","title":{"rendered":"Word from the General Manager"},"content":{"rendered":"<p>Cocoa is an emblematic and strategic crop for Cameroon.<\/p>\n<p>More than 600,000 households depend directly on cocoa for their livelihood. Cocoa therefore constitutes the main source of income for the rural masses in the main production basins : Centre, South, East and South-West.<\/p>\n<p>The Cocoa Development Corporation \u201cSODECAO\u201d, the secular arm of the State for cocoa development, was created by decree no. 074\/83 of February 02, 1974. Its main mission is to develop the cocoa industry, through support services such as the production and distribution of plant materials, orchard protection, soil fertilization, agricultural advice, structuring of small producers and opening up of production basins.<\/p>\n<p>SODECAO is under the technical supervision of the Ministry of Agriculture and Rural Development \u201cMINADER\u201d and the financial supervision of the Ministry of Finance \u201cMINFI\u201d.<\/p>\n<p>SODECAO has 3 seed fields in the Centre, South and East regions, covering a surface area of 90 ha, where it produces seed pods which in turn are used for the production of quality certified cocoa seedlings in 103 nurseries spread across 5 regions of the country<\/p>\n<p>In association with cocoa, SODECAO also produces banana plants from stem fragments \u201cPIF\u201d<\/p>\n<p>The main services offered to producers are the creation of turnkey cocoa plantations, technical assistance, the opening of farm tracks and the parcelling out of agricultural areas.<\/p>\n\n\n<p><\/p>","protected":false},"excerpt":{"rendered":"<p>Le cacao est une culture embl\u00e9matique et strat\u00e9gique pour le&#46;&#46;&#46;<\/p>","protected":false},"author":1,"featured_media":152,"parent":0,"menu_order":0,"comment_status":"closed","ping_status":"closed","template":"","meta":{"_bbp_topic_count":0,"_bbp_reply_count":0,"_bbp_total_topic_count":0,"_bbp_total_reply_count":0,"_bbp_voice_count":0,"_bbp_anonymous_reply_count":0,"_bbp_topic_count_hidden":0,"_bbp_reply_count_hidden":0,"_bbp_forum_subforum_count":0,"footnotes":""},"yoast_head":"<!-- This site is optimized with the Yoast SEO plugin v21.4 - https:\/\/yoast.com\/wordpress\/plugins\/seo\/ -->\n<title>Mot du Directeur G\u00e9n\u00e9ral - Soci\u00e9t\u00e9 de D\u00e9veloppement du Cacao<\/title>\n<meta name=\"robots\" content=\"index, follow, max-snippet:-1, max-image-preview:large, max-video-preview:-1\" \/>\n<link rel=\"canonical\" href=\"https:\/\/sodecao.cm\/en\/mot-du-directeur-general\/\" \/>\n<meta property=\"og:locale\" content=\"en_GB\" \/>\n<meta property=\"og:type\" content=\"article\" \/>\n<meta property=\"og:title\" content=\"Mot du Directeur G\u00e9n\u00e9ral - Soci\u00e9t\u00e9 de D\u00e9veloppement du Cacao\" \/>\n<meta property=\"og:description\" content=\"Le cacao est une culture embl\u00e9matique et strat\u00e9gique pour le&#046;&#046;&#046;\" \/>\n<meta property=\"og:url\" content=\"https:\/\/sodecao.cm\/en\/mot-du-directeur-general\/\" \/>\n<meta property=\"og:site_name\" content=\"Soci\u00e9t\u00e9 de D\u00e9veloppement du Cacao\" \/>\n<meta property=\"article:modified_time\" content=\"2023-10-12T13:01:11+00:00\" \/>\n<meta property=\"og:image\" content=\"https:\/\/sodecao.cm\/wp-content\/uploads\/2019\/09\/DG-SODECAO.jpg\" \/>\n\t<meta property=\"og:image:width\" content=\"579\" \/>\n\t<meta property=\"og:image:height\" content=\"845\" \/>\n\t<meta property=\"og:image:type\" content=\"image\/jpeg\" \/>\n<meta name=\"twitter:card\" content=\"summary_large_image\" \/>\n<meta name=\"twitter:label1\" content=\"Estimated reading time\" \/>\n\t<meta name=\"twitter:data1\" content=\"1 minute\" \/>\n<script type=\"application\/ld+json\" class=\"yoast-schema-graph\">{\"@context\":\"https:\/\/schema.org\",\"@graph\":[{\"@type\":\"WebPage\",\"@id\":\"https:\/\/sodecao.cm\/mot-du-directeur-general\/\",\"url\":\"https:\/\/sodecao.cm\/mot-du-directeur-general\/\",\"name\":\"Mot du Directeur G\u00e9n\u00e9ral - Soci\u00e9t\u00e9 de D\u00e9veloppement du Cacao\",\"isPartOf\":{\"@id\":\"https:\/\/sodecao.cm\/#website\"},\"datePublished\":\"2019-09-12T07:00:48+00:00\",\"dateModified\":\"2023-10-12T13:01:11+00:00\",\"breadcrumb\":{\"@id\":\"https:\/\/sodecao.cm\/mot-du-directeur-general\/#breadcrumb\"},\"inLanguage\":\"en-GB\",\"potentialAction\":[{\"@type\":\"ReadAction\",\"target\":[\"https:\/\/sodecao.cm\/mot-du-directeur-general\/\"]}]},{\"@type\":\"BreadcrumbList\",\"@id\":\"https:\/\/sodecao.cm\/mot-du-directeur-general\/#breadcrumb\",\"itemListElement\":[{\"@type\":\"ListItem\",\"position\":1,\"name\":\"Accueil\",\"item\":\"https:\/\/sodecao.cm\/\"},{\"@type\":\"ListItem\",\"position\":2,\"name\":\"Mot du Directeur G\u00e9n\u00e9ral\"}]},{\"@type\":\"WebSite\",\"@id\":\"https:\/\/sodecao.cm\/#website\",\"url\":\"https:\/\/sodecao.cm\/\",\"name\":\"Soci\u00e9t\u00e9 de D\u00e9veloppement du Cacao\",\"description\":\"Prot\u00e9ger le verger cacaoyer\",\"publisher\":{\"@id\":\"https:\/\/sodecao.cm\/#organization\"},\"potentialAction\":[{\"@type\":\"SearchAction\",\"target\":{\"@type\":\"EntryPoint\",\"urlTemplate\":\"https:\/\/sodecao.cm\/?s={search_term_string}\"},\"query-input\":\"required name=search_term_string\"}],\"inLanguage\":\"en-GB\"},{\"@type\":\"Organization\",\"@id\":\"https:\/\/sodecao.cm\/#organization\",\"name\":\"Soci\u00e9t\u00e9 de D\u00e9veloppement du Cacao\",\"alternateName\":\"sodecao\",\"url\":\"https:\/\/sodecao.cm\/\",\"logo\":{\"@type\":\"ImageObject\",\"inLanguage\":\"en-GB\",\"@id\":\"https:\/\/sodecao.cm\/#\/schema\/logo\/image\/\",\"url\":\"https:\/\/sodecao.cm\/wp-content\/uploads\/2019\/09\/1532562884-1.jpg\",\"contentUrl\":\"https:\/\/sodecao.cm\/wp-content\/uploads\/2019\/09\/1532562884-1.jpg\",\"width\":308,\"height\":55,\"caption\":\"Soci\u00e9t\u00e9 de D\u00e9veloppement du Cacao\"},\"image\":{\"@id\":\"https:\/\/sodecao.cm\/#\/schema\/logo\/image\/\"}}]}<\/script>\n<!-- \/ Yoast SEO plugin. -->","yoast_head_json":{"title":"Mot du Directeur G\u00e9n\u00e9ral - Soci\u00e9t\u00e9 de D\u00e9veloppement du Cacao","robots":{"index":"index","follow":"follow","max-snippet":"max-snippet:-1","max-image-preview":"max-image-preview:large","max-video-preview":"max-video-preview:-1"},"canonical":"https:\/\/sodecao.cm\/en\/mot-du-directeur-general\/","og_locale":"en_GB","og_type":"article","og_title":"Mot du Directeur G\u00e9n\u00e9ral - Soci\u00e9t\u00e9 de D\u00e9veloppement du Cacao","og_description":"Le cacao est une culture embl\u00e9matique et strat\u00e9gique pour le&#46;&#46;&#46;","og_url":"https:\/\/sodecao.cm\/en\/mot-du-directeur-general\/","og_site_name":"Soci\u00e9t\u00e9 de D\u00e9veloppement du Cacao","article_modified_time":"2023-10-12T13:01:11+00:00","og_image":[{"width":579,"height":845,"url":"https:\/\/sodecao.cm\/wp-content\/uploads\/2019\/09\/DG-SODECAO.jpg","type":"image\/jpeg"}],"twitter_card":"summary_large_image","twitter_misc":{"Estimated reading time":"1 minute"},"schema":{"@context":"https:\/\/schema.org","@graph":[{"@type":"WebPage","@id":"https:\/\/sodecao.cm\/mot-du-directeur-general\/","url":"https:\/\/sodecao.cm\/mot-du-directeur-general\/","name":"Mot du Directeur G\u00e9n\u00e9ral - Soci\u00e9t\u00e9 de D\u00e9veloppement du Cacao","isPartOf":{"@id":"https:\/\/sodecao.cm\/#website"},"datePublished":"2019-09-12T07:00:48+00:00","dateModified":"2023-10-12T13:01:11+00:00","breadcrumb":{"@id":"https:\/\/sodecao.cm\/mot-du-directeur-general\/#breadcrumb"},"inLanguage":"en-GB","potentialAction":[{"@type":"ReadAction","target":["https:\/\/sodecao.cm\/mot-du-directeur-general\/"]}]},{"@type":"BreadcrumbList","@id":"https:\/\/sodecao.cm\/mot-du-directeur-general\/#breadcrumb","itemListElement":[{"@type":"ListItem","position":1,"name":"Accueil","item":"https:\/\/sodecao.cm\/"},{"@type":"ListItem","position":2,"name":"Mot du Directeur G\u00e9n\u00e9ral"}]},{"@type":"WebSite","@id":"https:\/\/sodecao.cm\/#website","url":"https:\/\/sodecao.cm\/","name":"Soci\u00e9t\u00e9 de D\u00e9veloppement du Cacao","description":"Prot\u00e9ger le verger cacaoyer","publisher":{"@id":"https:\/\/sodecao.cm\/#organization"},"potentialAction":[{"@type":"SearchAction","target":{"@type":"EntryPoint","urlTemplate":"https:\/\/sodecao.cm\/?s={search_term_string}"},"query-input":"required name=search_term_string"}],"inLanguage":"en-GB"},{"@type":"Organization","@id":"https:\/\/sodecao.cm\/#organization","name":"Soci\u00e9t\u00e9 de D\u00e9veloppement du Cacao","alternateName":"sodecao","url":"https:\/\/sodecao.cm\/","logo":{"@type":"ImageObject","inLanguage":"en-GB","@id":"https:\/\/sodecao.cm\/#\/schema\/logo\/image\/","url":"https:\/\/sodecao.cm\/wp-content\/uploads\/2019\/09\/1532562884-1.jpg","contentUrl":"https:\/\/sodecao.cm\/wp-content\/uploads\/2019\/09\/1532562884-1.jpg","width":308,"height":55,"caption":"Soci\u00e9t\u00e9 de D\u00e9veloppement du Cacao"},"image":{"@id":"https:\/\/sodecao.cm\/#\/schema\/logo\/image\/"}}]}},"_links":{"self":[{"href":"https:\/\/sodecao.cm\/en\/wp-json\/wp\/v2\/pages\/10"}],"collection":[{"href":"https:\/\/sodecao.cm\/en\/wp-json\/wp\/v2\/pages"}],"about":[{"href":"https:\/\/sodecao.cm\/en\/wp-json\/wp\/v2\/types\/page"}],"author":[{"embeddable":true,"href":"https:\/\/sodecao.cm\/en\/wp-json\/wp\/v2\/users\/1"}],"replies":[{"embeddable":true,"href":"https:\/\/sodecao.cm\/en\/wp-json\/wp\/v2\/comments?post=10"}],"version-history":[{"count":10,"href":"https:\/\/sodecao.cm\/en\/wp-json\/wp\/v2\/pages\/10\/revisions"}],"predecessor-version":[{"id":3205,"href":"https:\/\/sodecao.cm\/en\/wp-json\/wp\/v2\/pages\/10\/revisions\/3205"}],"wp:featuredmedia":[{"embeddable":true,"href":"https:\/\/sodecao.cm\/en\/wp-json\/wp\/v2\/media\/152"}],"wp:attachment":[{"href":"https:\/\/sodecao.cm\/en\/wp-json\/wp\/v2\/media?parent=10"}],"curies":[{"name":"wp","href":"https:\/\/api.w.org\/{rel}","templated":true}]}}