{"id":3334,"date":"2023-11-03T09:42:29","date_gmt":"2023-11-03T09:42:29","guid":{"rendered":"https:\/\/sodecao.cm\/?page_id=3334"},"modified":"2023-11-03T10:25:11","modified_gmt":"2023-11-03T10:25:11","slug":"statistiques-sur-les-plateaux-techniques-de-la-sodecao","status":"publish","type":"page","link":"https:\/\/sodecao.cm\/en\/statistiques-sur-les-plateaux-techniques-de-la-sodecao\/","title":{"rendered":"Statistics on SODECAO's technical services"},"content":{"rendered":"<ul>\n<li><strong>Seed farms<\/strong> <\/li>\n<\/ul>\n\n\n\n<figure class=\"wp-block-image size-full is-resized\"><img decoding=\"async\" loading=\"lazy\" width=\"333\" height=\"163\" src=\"https:\/\/sodecao.cm\/wp-content\/uploads\/2023\/11\/IMG_ChampsSemencier.jpg\" alt=\"\" class=\"wp-image-3338\" style=\"aspect-ratio:2.042944785276074;width:962px;height:auto\" srcset=\"https:\/\/sodecao.cm\/wp-content\/uploads\/2023\/11\/IMG_ChampsSemencier.jpg 333w, https:\/\/sodecao.cm\/wp-content\/uploads\/2023\/11\/IMG_ChampsSemencier-300x147.jpg 300w, https:\/\/sodecao.cm\/wp-content\/uploads\/2023\/11\/IMG_ChampsSemencier-18x9.jpg 18w\" sizes=\"(max-width: 333px) 100vw, 333px\" \/><\/figure>\n\n\n\n<p>SODECAO has three seed fields located at++ Nkoemvone, Mengang and Abong-Mbang made up of plots containing 2 clones whose crossing produces hybrid seed pods. These seed pods are used to create nurseries from which seedlings are distributed to producers. These farms enable the production of approximately 240,000 seed pods per year.<\/p>\n\n\n\n<figure class=\"wp-block-image size-large\"><img decoding=\"async\" loading=\"lazy\" width=\"1024\" height=\"678\" src=\"https:\/\/sodecao.cm\/wp-content\/uploads\/2021\/04\/G21-1024x678.jpg\" alt=\"\" class=\"wp-image-3025\" srcset=\"https:\/\/sodecao.cm\/wp-content\/uploads\/2021\/04\/G21-1024x678.jpg 1024w, https:\/\/sodecao.cm\/wp-content\/uploads\/2021\/04\/G21-300x199.jpg 300w, https:\/\/sodecao.cm\/wp-content\/uploads\/2021\/04\/G21-768x508.jpg 768w, https:\/\/sodecao.cm\/wp-content\/uploads\/2021\/04\/G21.jpg 1133w\" sizes=\"(max-width: 1024px) 100vw, 1024px\" \/><\/figure>\n\n\n\n<p><strong>La <\/strong>SODECAO has 105 nurseries spread across the various production basins. Each year, these nurseries produce around 5 million improved seedlings, which are used to create and rehabilitate farms. The use of these improved seedlings makes it possible to obtain good yields. The seedlings also used in the rehabilitation of  old cocoa farms, with a positive impact on forest conservation.<\/p>\n\n\n\n<p><strong>Agricultural advisors<\/strong><\/p>\n\n\n\n<figure class=\"wp-block-image size-full is-resized\"><img decoding=\"async\" loading=\"lazy\" width=\"679\" height=\"508\" src=\"https:\/\/sodecao.cm\/wp-content\/uploads\/2023\/11\/Conseilller.png\" alt=\"\" class=\"wp-image-3344\" style=\"aspect-ratio:1.3366141732283465;width:430px;height:auto\" srcset=\"https:\/\/sodecao.cm\/wp-content\/uploads\/2023\/11\/Conseilller.png 679w, https:\/\/sodecao.cm\/wp-content\/uploads\/2023\/11\/Conseilller-300x224.png 300w, https:\/\/sodecao.cm\/wp-content\/uploads\/2023\/11\/Conseilller-16x12.png 16w\" sizes=\"(max-width: 679px) 100vw, 679px\" \/><\/figure>\n\n\n\n<p>To support producers, SODECAO has nearly 150 agricultural advisors spread across the production areas.Their role is not only to build producers' technical capacity, but also to support them before, during and after setting up their farms.<\/p>","protected":false},"excerpt":{"rendered":"<p>La SODECAO dispose de trois champs semenciers localis\u00e9s \u00e0 Nkoemvone,&#46;&#46;&#46;<\/p>","protected":false},"author":1,"featured_media":0,"parent":0,"menu_order":0,"comment_status":"closed","ping_status":"closed","template":"","meta":{"_bbp_topic_count":0,"_bbp_reply_count":0,"_bbp_total_topic_count":0,"_bbp_total_reply_count":0,"_bbp_voice_count":0,"_bbp_anonymous_reply_count":0,"_bbp_topic_count_hidden":0,"_bbp_reply_count_hidden":0,"_bbp_forum_subforum_count":0,"footnotes":""},"yoast_head":"<!-- This site is optimized with the Yoast SEO plugin v21.4 - https:\/\/yoast.com\/wordpress\/plugins\/seo\/ -->\n<title>Statistiques sur les plateaux techniques de la SODECAO - Soci\u00e9t\u00e9 de D\u00e9veloppement du Cacao<\/title>\n<meta name=\"robots\" content=\"index, follow, max-snippet:-1, max-image-preview:large, max-video-preview:-1\" \/>\n<link rel=\"canonical\" href=\"https:\/\/sodecao.cm\/en\/statistiques-sur-les-plateaux-techniques-de-la-sodecao\/\" \/>\n<meta property=\"og:locale\" content=\"en_GB\" \/>\n<meta property=\"og:type\" content=\"article\" \/>\n<meta property=\"og:title\" content=\"Statistiques sur les plateaux techniques de la SODECAO - Soci\u00e9t\u00e9 de D\u00e9veloppement du Cacao\" \/>\n<meta property=\"og:description\" content=\"La SODECAO dispose de trois champs semenciers localis\u00e9s \u00e0 Nkoemvone,&#046;&#046;&#046;\" \/>\n<meta property=\"og:url\" content=\"https:\/\/sodecao.cm\/en\/statistiques-sur-les-plateaux-techniques-de-la-sodecao\/\" \/>\n<meta property=\"og:site_name\" content=\"Soci\u00e9t\u00e9 de D\u00e9veloppement du Cacao\" \/>\n<meta property=\"article:modified_time\" content=\"2023-11-03T10:25:11+00:00\" \/>\n<meta property=\"og:image\" content=\"https:\/\/sodecao.cm\/wp-content\/uploads\/2023\/11\/IMG_ChampsSemencier.jpg\" \/>\n<meta name=\"twitter:card\" content=\"summary_large_image\" \/>\n<meta name=\"twitter:label1\" content=\"Estimated reading time\" \/>\n\t<meta name=\"twitter:data1\" content=\"2 minutes\" \/>\n<script type=\"application\/ld+json\" class=\"yoast-schema-graph\">{\"@context\":\"https:\/\/schema.org\",\"@graph\":[{\"@type\":\"WebPage\",\"@id\":\"https:\/\/sodecao.cm\/statistiques-sur-les-plateaux-techniques-de-la-sodecao\/\",\"url\":\"https:\/\/sodecao.cm\/statistiques-sur-les-plateaux-techniques-de-la-sodecao\/\",\"name\":\"Statistiques sur les plateaux techniques de la SODECAO - Soci\u00e9t\u00e9 de D\u00e9veloppement du Cacao\",\"isPartOf\":{\"@id\":\"https:\/\/sodecao.cm\/#website\"},\"datePublished\":\"2023-11-03T09:42:29+00:00\",\"dateModified\":\"2023-11-03T10:25:11+00:00\",\"breadcrumb\":{\"@id\":\"https:\/\/sodecao.cm\/statistiques-sur-les-plateaux-techniques-de-la-sodecao\/#breadcrumb\"},\"inLanguage\":\"en-GB\",\"potentialAction\":[{\"@type\":\"ReadAction\",\"target\":[\"https:\/\/sodecao.cm\/statistiques-sur-les-plateaux-techniques-de-la-sodecao\/\"]}]},{\"@type\":\"BreadcrumbList\",\"@id\":\"https:\/\/sodecao.cm\/statistiques-sur-les-plateaux-techniques-de-la-sodecao\/#breadcrumb\",\"itemListElement\":[{\"@type\":\"ListItem\",\"position\":1,\"name\":\"Accueil\",\"item\":\"https:\/\/sodecao.cm\/\"},{\"@type\":\"ListItem\",\"position\":2,\"name\":\"Statistiques sur les plateaux techniques de la SODECAO\"}]},{\"@type\":\"WebSite\",\"@id\":\"https:\/\/sodecao.cm\/#website\",\"url\":\"https:\/\/sodecao.cm\/\",\"name\":\"Soci\u00e9t\u00e9 de D\u00e9veloppement du Cacao\",\"description\":\"Prot\u00e9ger le verger cacaoyer\",\"publisher\":{\"@id\":\"https:\/\/sodecao.cm\/#organization\"},\"potentialAction\":[{\"@type\":\"SearchAction\",\"target\":{\"@type\":\"EntryPoint\",\"urlTemplate\":\"https:\/\/sodecao.cm\/?s={search_term_string}\"},\"query-input\":\"required name=search_term_string\"}],\"inLanguage\":\"en-GB\"},{\"@type\":\"Organization\",\"@id\":\"https:\/\/sodecao.cm\/#organization\",\"name\":\"Soci\u00e9t\u00e9 de D\u00e9veloppement du Cacao\",\"alternateName\":\"sodecao\",\"url\":\"https:\/\/sodecao.cm\/\",\"logo\":{\"@type\":\"ImageObject\",\"inLanguage\":\"en-GB\",\"@id\":\"https:\/\/sodecao.cm\/#\/schema\/logo\/image\/\",\"url\":\"https:\/\/sodecao.cm\/wp-content\/uploads\/2019\/09\/1532562884-1.jpg\",\"contentUrl\":\"https:\/\/sodecao.cm\/wp-content\/uploads\/2019\/09\/1532562884-1.jpg\",\"width\":308,\"height\":55,\"caption\":\"Soci\u00e9t\u00e9 de D\u00e9veloppement du Cacao\"},\"image\":{\"@id\":\"https:\/\/sodecao.cm\/#\/schema\/logo\/image\/\"}}]}<\/script>\n<!-- \/ Yoast SEO plugin. -->","yoast_head_json":{"title":"Statistiques sur les plateaux techniques de la SODECAO - Soci\u00e9t\u00e9 de D\u00e9veloppement du Cacao","robots":{"index":"index","follow":"follow","max-snippet":"max-snippet:-1","max-image-preview":"max-image-preview:large","max-video-preview":"max-video-preview:-1"},"canonical":"https:\/\/sodecao.cm\/en\/statistiques-sur-les-plateaux-techniques-de-la-sodecao\/","og_locale":"en_GB","og_type":"article","og_title":"Statistiques sur les plateaux techniques de la SODECAO - Soci\u00e9t\u00e9 de D\u00e9veloppement du Cacao","og_description":"La SODECAO dispose de trois champs semenciers localis\u00e9s \u00e0 Nkoemvone,&#46;&#46;&#46;","og_url":"https:\/\/sodecao.cm\/en\/statistiques-sur-les-plateaux-techniques-de-la-sodecao\/","og_site_name":"Soci\u00e9t\u00e9 de D\u00e9veloppement du Cacao","article_modified_time":"2023-11-03T10:25:11+00:00","og_image":[{"url":"https:\/\/sodecao.cm\/wp-content\/uploads\/2023\/11\/IMG_ChampsSemencier.jpg"}],"twitter_card":"summary_large_image","twitter_misc":{"Estimated reading time":"2 minutes"},"schema":{"@context":"https:\/\/schema.org","@graph":[{"@type":"WebPage","@id":"https:\/\/sodecao.cm\/statistiques-sur-les-plateaux-techniques-de-la-sodecao\/","url":"https:\/\/sodecao.cm\/statistiques-sur-les-plateaux-techniques-de-la-sodecao\/","name":"Statistiques sur les plateaux techniques de la SODECAO - Soci\u00e9t\u00e9 de D\u00e9veloppement du Cacao","isPartOf":{"@id":"https:\/\/sodecao.cm\/#website"},"datePublished":"2023-11-03T09:42:29+00:00","dateModified":"2023-11-03T10:25:11+00:00","breadcrumb":{"@id":"https:\/\/sodecao.cm\/statistiques-sur-les-plateaux-techniques-de-la-sodecao\/#breadcrumb"},"inLanguage":"en-GB","potentialAction":[{"@type":"ReadAction","target":["https:\/\/sodecao.cm\/statistiques-sur-les-plateaux-techniques-de-la-sodecao\/"]}]},{"@type":"BreadcrumbList","@id":"https:\/\/sodecao.cm\/statistiques-sur-les-plateaux-techniques-de-la-sodecao\/#breadcrumb","itemListElement":[{"@type":"ListItem","position":1,"name":"Accueil","item":"https:\/\/sodecao.cm\/"},{"@type":"ListItem","position":2,"name":"Statistiques sur les plateaux techniques de la SODECAO"}]},{"@type":"WebSite","@id":"https:\/\/sodecao.cm\/#website","url":"https:\/\/sodecao.cm\/","name":"Soci\u00e9t\u00e9 de D\u00e9veloppement du Cacao","description":"Prot\u00e9ger le verger cacaoyer","publisher":{"@id":"https:\/\/sodecao.cm\/#organization"},"potentialAction":[{"@type":"SearchAction","target":{"@type":"EntryPoint","urlTemplate":"https:\/\/sodecao.cm\/?s={search_term_string}"},"query-input":"required name=search_term_string"}],"inLanguage":"en-GB"},{"@type":"Organization","@id":"https:\/\/sodecao.cm\/#organization","name":"Soci\u00e9t\u00e9 de D\u00e9veloppement du Cacao","alternateName":"sodecao","url":"https:\/\/sodecao.cm\/","logo":{"@type":"ImageObject","inLanguage":"en-GB","@id":"https:\/\/sodecao.cm\/#\/schema\/logo\/image\/","url":"https:\/\/sodecao.cm\/wp-content\/uploads\/2019\/09\/1532562884-1.jpg","contentUrl":"https:\/\/sodecao.cm\/wp-content\/uploads\/2019\/09\/1532562884-1.jpg","width":308,"height":55,"caption":"Soci\u00e9t\u00e9 de D\u00e9veloppement du Cacao"},"image":{"@id":"https:\/\/sodecao.cm\/#\/schema\/logo\/image\/"}}]}},"_links":{"self":[{"href":"https:\/\/sodecao.cm\/en\/wp-json\/wp\/v2\/pages\/3334"}],"collection":[{"href":"https:\/\/sodecao.cm\/en\/wp-json\/wp\/v2\/pages"}],"about":[{"href":"https:\/\/sodecao.cm\/en\/wp-json\/wp\/v2\/types\/page"}],"author":[{"embeddable":true,"href":"https:\/\/sodecao.cm\/en\/wp-json\/wp\/v2\/users\/1"}],"replies":[{"embeddable":true,"href":"https:\/\/sodecao.cm\/en\/wp-json\/wp\/v2\/comments?post=3334"}],"version-history":[{"count":6,"href":"https:\/\/sodecao.cm\/en\/wp-json\/wp\/v2\/pages\/3334\/revisions"}],"predecessor-version":[{"id":3349,"href":"https:\/\/sodecao.cm\/en\/wp-json\/wp\/v2\/pages\/3334\/revisions\/3349"}],"wp:attachment":[{"href":"https:\/\/sodecao.cm\/en\/wp-json\/wp\/v2\/media?parent=3334"}],"curies":[{"name":"wp","href":"https:\/\/api.w.org\/{rel}","templated":true}]}}