{"id":3382,"date":"2023-11-05T22:53:01","date_gmt":"2023-11-05T22:53:01","guid":{"rendered":"https:\/\/sodecao.cm\/?page_id=3382"},"modified":"2026-01-12T10:34:43","modified_gmt":"2026-01-12T10:34:43","slug":"cacaoculture-durable","status":"publish","type":"page","link":"https:\/\/sodecao.cm\/en\/cacaoculture-durable\/","title":{"rendered":"Sustainable cocoa farming"},"content":{"rendered":"<div data-elementor-type=\"wp-page\" data-elementor-id=\"3382\" class=\"elementor elementor-3382\" data-elementor-settings=\"[]\">\n\t\t\t\t\t\t<div class=\"elementor-inner\">\n\t\t\t\t\t\t\t<div class=\"elementor-section-wrap\">\n\t\t\t\t\t\t\t<section class=\"elementor-section elementor-top-section elementor-element elementor-element-2d2024e7 elementor-section-boxed elementor-section-height-default elementor-section-height-default\" data-id=\"2d2024e7\" data-element_type=\"section\">\n\t\t\t\t\t\t<div class=\"elementor-container elementor-column-gap-default\">\n\t\t\t\t\t\t\t<div class=\"elementor-row\">\n\t\t\t\t\t<div class=\"elementor-column elementor-col-100 elementor-top-column elementor-element elementor-element-26a3f025\" data-id=\"26a3f025\" data-element_type=\"column\">\n\t\t\t<div class=\"elementor-column-wrap elementor-element-populated\">\n\t\t\t\t\t\t\t<div class=\"elementor-widget-wrap\">\n\t\t\t\t\t\t<div class=\"elementor-element elementor-element-19f33db3 elementor-widget elementor-widget-text-editor\" data-id=\"19f33db3\" data-element_type=\"widget\" data-widget_type=\"text-editor.default\">\n\t\t\t\t<div class=\"elementor-widget-container\">\n\t\t\t\t\t<div class=\"elementor-text-editor elementor-clearfix\"><p><!-- wp:paragraph --><\/p>\n<p>La cacaoculture durable est un concept qui renvoie \u00e0 plusieurs facettes. De nos jours, il s\u2019\u00e9tend au-del\u00e0 de la rentabilit\u00e9 pour embrasser d\u2019autres piliers socio-\u00e9conomiques tels que la protection des for\u00eats et r\u00e9g\u00e9n\u00e9ration des paysages, l\u2019approche genre et le respect des droits des femmes, la productivit\u00e9 des exploitations et le revenu vital des exploitants, la surveillance du travail des enfants et la protection des droits de l\u2019enfance et de la tra\u00e7abilit\u00e9 physique.<\/p>\n<p><!-- \/wp:paragraph --><\/p>\n<p><!-- wp:paragraph --><\/p>\n<p><strong>SODECAO acts on many of these levers to contribute to the sustainability of the sector:<\/strong><\/p>\n<p><!-- \/wp:paragraph --><\/p>\n<p><!-- wp:paragraph --><\/p>\n<p><strong>Forest protection and landscape regeneration <\/strong>SODECAO encourages intensive agroforestry, which makes it possible to conserve trees when setting up a cocoa farm, and raises awareness among cocoa farmers of the need to create farms only in non-permanent forest areas and to restore degraded forests by planting shade trees. .<\/p>\n<p><!-- \/wp:paragraph --><\/p>\n<p><!-- wp:paragraph --><\/p>\n<p><strong>Gender approach and respect for women's rights: <\/strong>raising awareness among women about the economic empowerment potential of the cocoa sector, support for women wishing to create a cocoa farm (donation of plants, advice on space planning, donation of small equipment and agricultural inputs);<\/p>\n<p><!-- \/wp:paragraph --><\/p>\n<p><!-- wp:paragraph --><\/p>\n<p><strong>Productivit\u00e9 des exploitations agricoles et le revenu vital des exploitants&nbsp;: <\/strong>technical capacity building of producers on GAP, distribution of quality plant material, promotion of diversification through the production and distribution of plantain seedlings, dissemination of agronomic innovations such as small-scale irrigation, structuring of producers within organizations to encourage creating economies of scale<\/p>\n<p><!-- \/wp:paragraph --><\/p>\n<p><!-- wp:paragraph --><\/p>\n<p><strong>Monitoring child labour : <\/strong>raising awareness among producers on the prohibition of child labour on cocoa farms, the official ban relating to children under the age of 21.<\/p>\n<p><!-- \/wp:paragraph --><\/p>\n<p><!-- wp:paragraph --><\/p>\n<p>La tra\u00e7abilit\u00e9 physique&nbsp;: la SODECAO met \u00e0 la disposition des producteurs des plants certifi\u00e9s dont l\u2019origine physique (champs semenciers) et g\u00e9n\u00e9tique (clones pr\u00e9sents dans les champs semenciers ) sont connues et tra\u00e7ables. Ainsi, les producteurs ayant cr\u00e9\u00e9 des exploitations avec du mat\u00e9riel v\u00e9g\u00e9tal de la SODECAO sont capables remonter jusqu\u2019au mat\u00e9riel v\u00e9g\u00e9tal l\u2019itin\u00e9raire de leurs productions.<\/p>\n<p><!-- \/wp:paragraph --><\/p><\/div>\n\t\t\t\t<\/div>\n\t\t\t\t<\/div>\n\t\t\t\t\t\t<\/div>\n\t\t\t\t\t<\/div>\n\t\t<\/div>\n\t\t\t\t\t\t\t\t<\/div>\n\t\t\t\t\t<\/div>\n\t\t<\/section>\n\t\t\t\t<section class=\"elementor-section elementor-top-section elementor-element elementor-element-fe0f030 elementor-section-boxed elementor-section-height-default elementor-section-height-default\" data-id=\"fe0f030\" data-element_type=\"section\">\n\t\t\t\t\t\t<div class=\"elementor-container elementor-column-gap-default\">\n\t\t\t\t\t\t\t<div class=\"elementor-row\">\n\t\t\t\t\t<div class=\"elementor-column elementor-col-50 elementor-top-column elementor-element elementor-element-44a0d46\" data-id=\"44a0d46\" data-element_type=\"column\">\n\t\t\t<div class=\"elementor-column-wrap elementor-element-populated\">\n\t\t\t\t\t\t\t<div class=\"elementor-widget-wrap\">\n\t\t\t\t\t\t<div class=\"elementor-element elementor-element-2faafe6 elementor-widget elementor-widget-image\" data-id=\"2faafe6\" data-element_type=\"widget\" data-widget_type=\"image.default\">\n\t\t\t\t<div class=\"elementor-widget-container\">\n\t\t\t\t\t<div class=\"elementor-image\">\n\t\t\t\t\t\t\t\t\t\t<img loading=\"lazy\" width=\"320\" height=\"213\" src=\"https:\/\/sodecao.cm\/wp-content\/uploads\/2020\/09\/cacaoyer-EL-0072.jpg\" class=\"attachment-large size-large\" alt=\"\" decoding=\"async\" srcset=\"https:\/\/sodecao.cm\/wp-content\/uploads\/2020\/09\/cacaoyer-EL-0072.jpg 320w, https:\/\/sodecao.cm\/wp-content\/uploads\/2020\/09\/cacaoyer-EL-0072-300x200.jpg 300w\" sizes=\"(max-width: 320px) 100vw, 320px\" \/>\t\t\t\t\t\t\t\t\t\t\t<\/div>\n\t\t\t\t<\/div>\n\t\t\t\t<\/div>\n\t\t\t\t\t\t<\/div>\n\t\t\t\t\t<\/div>\n\t\t<\/div>\n\t\t\t\t<div class=\"elementor-column elementor-col-50 elementor-top-column elementor-element elementor-element-188855d\" data-id=\"188855d\" data-element_type=\"column\">\n\t\t\t<div class=\"elementor-column-wrap elementor-element-populated\">\n\t\t\t\t\t\t\t<div class=\"elementor-widget-wrap\">\n\t\t\t\t\t\t<div class=\"elementor-element elementor-element-e0f6755 elementor-widget elementor-widget-image\" data-id=\"e0f6755\" data-element_type=\"widget\" data-widget_type=\"image.default\">\n\t\t\t\t<div class=\"elementor-widget-container\">\n\t\t\t\t\t<div class=\"elementor-image\">\n\t\t\t\t\t\t\t\t\t\t<img loading=\"lazy\" width=\"1024\" height=\"683\" src=\"https:\/\/sodecao.cm\/wp-content\/uploads\/2020\/09\/DSC_0021-1024x683.jpg\" class=\"attachment-large size-large\" alt=\"\" decoding=\"async\" srcset=\"https:\/\/sodecao.cm\/wp-content\/uploads\/2020\/09\/DSC_0021-1024x683.jpg 1024w, https:\/\/sodecao.cm\/wp-content\/uploads\/2020\/09\/DSC_0021-300x200.jpg 300w, https:\/\/sodecao.cm\/wp-content\/uploads\/2020\/09\/DSC_0021-768x512.jpg 768w, https:\/\/sodecao.cm\/wp-content\/uploads\/2020\/09\/DSC_0021-1536x1024.jpg 1536w, https:\/\/sodecao.cm\/wp-content\/uploads\/2020\/09\/DSC_0021-2048x1365.jpg 2048w\" sizes=\"(max-width: 1024px) 100vw, 1024px\" \/>\t\t\t\t\t\t\t\t\t\t\t<\/div>\n\t\t\t\t<\/div>\n\t\t\t\t<\/div>\n\t\t\t\t\t\t<\/div>\n\t\t\t\t\t<\/div>\n\t\t<\/div>\n\t\t\t\t\t\t\t\t<\/div>\n\t\t\t\t\t<\/div>\n\t\t<\/section>\n\t\t\t\t\t\t<\/div>\n\t\t\t\t\t\t<\/div>\n\t\t\t\t\t<\/div>","protected":false},"excerpt":{"rendered":"<p>La cacaoculture durable est un concept qui renvoie \u00e0 plusieurs&#46;&#46;&#46;<\/p>","protected":false},"author":1,"featured_media":0,"parent":0,"menu_order":0,"comment_status":"closed","ping_status":"closed","template":"","meta":{"_bbp_topic_count":0,"_bbp_reply_count":0,"_bbp_total_topic_count":0,"_bbp_total_reply_count":0,"_bbp_voice_count":0,"_bbp_anonymous_reply_count":0,"_bbp_topic_count_hidden":0,"_bbp_reply_count_hidden":0,"_bbp_forum_subforum_count":0,"footnotes":""},"yoast_head":"<!-- This site is optimized with the Yoast SEO plugin v21.4 - https:\/\/yoast.com\/wordpress\/plugins\/seo\/ -->\n<title>Cacaoculture durable - Soci\u00e9t\u00e9 de D\u00e9veloppement du Cacao<\/title>\n<meta name=\"robots\" content=\"index, follow, max-snippet:-1, max-image-preview:large, max-video-preview:-1\" \/>\n<link rel=\"canonical\" href=\"https:\/\/sodecao.cm\/en\/cacaoculture-durable\/\" \/>\n<meta property=\"og:locale\" content=\"en_GB\" \/>\n<meta property=\"og:type\" content=\"article\" \/>\n<meta property=\"og:title\" content=\"Cacaoculture durable - Soci\u00e9t\u00e9 de D\u00e9veloppement du Cacao\" \/>\n<meta property=\"og:description\" content=\"La cacaoculture durable est un concept qui renvoie \u00e0 plusieurs&#046;&#046;&#046;\" \/>\n<meta property=\"og:url\" content=\"https:\/\/sodecao.cm\/en\/cacaoculture-durable\/\" \/>\n<meta property=\"og:site_name\" content=\"Soci\u00e9t\u00e9 de D\u00e9veloppement du Cacao\" \/>\n<meta property=\"article:modified_time\" content=\"2026-01-12T10:34:43+00:00\" \/>\n<meta property=\"og:image\" content=\"https:\/\/sodecao.cm\/wp-content\/uploads\/2020\/09\/cacaoyer-EL-0072.jpg\" \/>\n<meta name=\"twitter:card\" content=\"summary_large_image\" \/>\n<meta name=\"twitter:label1\" content=\"Estimated reading time\" \/>\n\t<meta name=\"twitter:data1\" content=\"3 minutes\" \/>\n<script type=\"application\/ld+json\" class=\"yoast-schema-graph\">{\"@context\":\"https:\/\/schema.org\",\"@graph\":[{\"@type\":\"WebPage\",\"@id\":\"https:\/\/sodecao.cm\/cacaoculture-durable\/\",\"url\":\"https:\/\/sodecao.cm\/cacaoculture-durable\/\",\"name\":\"Cacaoculture durable - Soci\u00e9t\u00e9 de D\u00e9veloppement du Cacao\",\"isPartOf\":{\"@id\":\"https:\/\/sodecao.cm\/#website\"},\"datePublished\":\"2023-11-05T22:53:01+00:00\",\"dateModified\":\"2026-01-12T10:34:43+00:00\",\"breadcrumb\":{\"@id\":\"https:\/\/sodecao.cm\/cacaoculture-durable\/#breadcrumb\"},\"inLanguage\":\"en-GB\",\"potentialAction\":[{\"@type\":\"ReadAction\",\"target\":[\"https:\/\/sodecao.cm\/cacaoculture-durable\/\"]}]},{\"@type\":\"BreadcrumbList\",\"@id\":\"https:\/\/sodecao.cm\/cacaoculture-durable\/#breadcrumb\",\"itemListElement\":[{\"@type\":\"ListItem\",\"position\":1,\"name\":\"Accueil\",\"item\":\"https:\/\/sodecao.cm\/\"},{\"@type\":\"ListItem\",\"position\":2,\"name\":\"Cacaoculture durable\"}]},{\"@type\":\"WebSite\",\"@id\":\"https:\/\/sodecao.cm\/#website\",\"url\":\"https:\/\/sodecao.cm\/\",\"name\":\"Soci\u00e9t\u00e9 de D\u00e9veloppement du Cacao\",\"description\":\"Prot\u00e9ger le verger cacaoyer\",\"publisher\":{\"@id\":\"https:\/\/sodecao.cm\/#organization\"},\"potentialAction\":[{\"@type\":\"SearchAction\",\"target\":{\"@type\":\"EntryPoint\",\"urlTemplate\":\"https:\/\/sodecao.cm\/?s={search_term_string}\"},\"query-input\":\"required name=search_term_string\"}],\"inLanguage\":\"en-GB\"},{\"@type\":\"Organization\",\"@id\":\"https:\/\/sodecao.cm\/#organization\",\"name\":\"Soci\u00e9t\u00e9 de D\u00e9veloppement du Cacao\",\"alternateName\":\"sodecao\",\"url\":\"https:\/\/sodecao.cm\/\",\"logo\":{\"@type\":\"ImageObject\",\"inLanguage\":\"en-GB\",\"@id\":\"https:\/\/sodecao.cm\/#\/schema\/logo\/image\/\",\"url\":\"https:\/\/sodecao.cm\/wp-content\/uploads\/2019\/09\/1532562884-1.jpg\",\"contentUrl\":\"https:\/\/sodecao.cm\/wp-content\/uploads\/2019\/09\/1532562884-1.jpg\",\"width\":308,\"height\":55,\"caption\":\"Soci\u00e9t\u00e9 de D\u00e9veloppement du Cacao\"},\"image\":{\"@id\":\"https:\/\/sodecao.cm\/#\/schema\/logo\/image\/\"}}]}<\/script>\n<!-- \/ Yoast SEO plugin. -->","yoast_head_json":{"title":"Cacaoculture durable - Soci\u00e9t\u00e9 de D\u00e9veloppement du Cacao","robots":{"index":"index","follow":"follow","max-snippet":"max-snippet:-1","max-image-preview":"max-image-preview:large","max-video-preview":"max-video-preview:-1"},"canonical":"https:\/\/sodecao.cm\/en\/cacaoculture-durable\/","og_locale":"en_GB","og_type":"article","og_title":"Cacaoculture durable - Soci\u00e9t\u00e9 de D\u00e9veloppement du Cacao","og_description":"La cacaoculture durable est un concept qui renvoie \u00e0 plusieurs&#46;&#46;&#46;","og_url":"https:\/\/sodecao.cm\/en\/cacaoculture-durable\/","og_site_name":"Soci\u00e9t\u00e9 de D\u00e9veloppement du Cacao","article_modified_time":"2026-01-12T10:34:43+00:00","og_image":[{"url":"https:\/\/sodecao.cm\/wp-content\/uploads\/2020\/09\/cacaoyer-EL-0072.jpg"}],"twitter_card":"summary_large_image","twitter_misc":{"Estimated reading time":"3 minutes"},"schema":{"@context":"https:\/\/schema.org","@graph":[{"@type":"WebPage","@id":"https:\/\/sodecao.cm\/cacaoculture-durable\/","url":"https:\/\/sodecao.cm\/cacaoculture-durable\/","name":"Cacaoculture durable - Soci\u00e9t\u00e9 de D\u00e9veloppement du Cacao","isPartOf":{"@id":"https:\/\/sodecao.cm\/#website"},"datePublished":"2023-11-05T22:53:01+00:00","dateModified":"2026-01-12T10:34:43+00:00","breadcrumb":{"@id":"https:\/\/sodecao.cm\/cacaoculture-durable\/#breadcrumb"},"inLanguage":"en-GB","potentialAction":[{"@type":"ReadAction","target":["https:\/\/sodecao.cm\/cacaoculture-durable\/"]}]},{"@type":"BreadcrumbList","@id":"https:\/\/sodecao.cm\/cacaoculture-durable\/#breadcrumb","itemListElement":[{"@type":"ListItem","position":1,"name":"Accueil","item":"https:\/\/sodecao.cm\/"},{"@type":"ListItem","position":2,"name":"Cacaoculture durable"}]},{"@type":"WebSite","@id":"https:\/\/sodecao.cm\/#website","url":"https:\/\/sodecao.cm\/","name":"Soci\u00e9t\u00e9 de D\u00e9veloppement du Cacao","description":"Prot\u00e9ger le verger cacaoyer","publisher":{"@id":"https:\/\/sodecao.cm\/#organization"},"potentialAction":[{"@type":"SearchAction","target":{"@type":"EntryPoint","urlTemplate":"https:\/\/sodecao.cm\/?s={search_term_string}"},"query-input":"required name=search_term_string"}],"inLanguage":"en-GB"},{"@type":"Organization","@id":"https:\/\/sodecao.cm\/#organization","name":"Soci\u00e9t\u00e9 de D\u00e9veloppement du Cacao","alternateName":"sodecao","url":"https:\/\/sodecao.cm\/","logo":{"@type":"ImageObject","inLanguage":"en-GB","@id":"https:\/\/sodecao.cm\/#\/schema\/logo\/image\/","url":"https:\/\/sodecao.cm\/wp-content\/uploads\/2019\/09\/1532562884-1.jpg","contentUrl":"https:\/\/sodecao.cm\/wp-content\/uploads\/2019\/09\/1532562884-1.jpg","width":308,"height":55,"caption":"Soci\u00e9t\u00e9 de D\u00e9veloppement du Cacao"},"image":{"@id":"https:\/\/sodecao.cm\/#\/schema\/logo\/image\/"}}]}},"_links":{"self":[{"href":"https:\/\/sodecao.cm\/en\/wp-json\/wp\/v2\/pages\/3382"}],"collection":[{"href":"https:\/\/sodecao.cm\/en\/wp-json\/wp\/v2\/pages"}],"about":[{"href":"https:\/\/sodecao.cm\/en\/wp-json\/wp\/v2\/types\/page"}],"author":[{"embeddable":true,"href":"https:\/\/sodecao.cm\/en\/wp-json\/wp\/v2\/users\/1"}],"replies":[{"embeddable":true,"href":"https:\/\/sodecao.cm\/en\/wp-json\/wp\/v2\/comments?post=3382"}],"version-history":[{"count":13,"href":"https:\/\/sodecao.cm\/en\/wp-json\/wp\/v2\/pages\/3382\/revisions"}],"predecessor-version":[{"id":3971,"href":"https:\/\/sodecao.cm\/en\/wp-json\/wp\/v2\/pages\/3382\/revisions\/3971"}],"wp:attachment":[{"href":"https:\/\/sodecao.cm\/en\/wp-json\/wp\/v2\/media?parent=3382"}],"curies":[{"name":"wp","href":"https:\/\/api.w.org\/{rel}","templated":true}]}}