{"id":3386,"date":"2023-11-05T22:57:21","date_gmt":"2023-11-05T22:57:21","guid":{"rendered":"https:\/\/sodecao.cm\/?page_id=3386"},"modified":"2023-11-13T10:11:41","modified_gmt":"2023-11-13T10:11:41","slug":"lutte-integree","status":"publish","type":"page","link":"https:\/\/sodecao.cm\/en\/lutte-integree\/","title":{"rendered":"Integrated pest management"},"content":{"rendered":"<p>Integrated pest management is the rational application of a combination of biological, biotechnological, chemical, physical, cultural or plant selection measures, in which the use of plant protection products is limited to what is strictly necessary to keep the presence of harmful organisms below the threshold at which economically unacceptable damage or loss occurs.<\/p>\n\n\n\n<p>It is a decision-making process that seeks to prevent pest infestations by using a combination of strategies to achieve long-term results.<\/p>\n\n\n\n<p>Integrated pest management aims to contain the damage caused by diseases (brown rot, root rot) and parasites (mirids and capsids) as well as weeds to levels that are economically acceptable in the context of local production, by prioritising the prevention of infestations, the use of suitable cultivation techniques that encourage biodiversity, the judicious use of genetic resources, and biological control before resorting to pesticides. Pesticides will only be used if no other solution is available or economically viable, and only if the risk to the consumer, the environment, biodiversity or the development of resistance is not excessive in relation to the expected \"benefit\" (improving health quality and\/or increasing production).<\/p>\n\n\n\n<p>Dans le cas sp\u00e9cifique du cacaoyer, les moyens agronomiques (r\u00e9glage de l\u2019ombrage, r\u00e9colte sanitaire, taille des arbres)&nbsp;; les moyens biologiques (introduction des ennemis de certains parasites) et en dernier recours les moyens chimiques sont mobilis\u00e9s.<\/p>\n\n\n<div class=\"wp-block-image\">\n<figure class=\"aligncenter size-full\"><img decoding=\"async\" loading=\"lazy\" width=\"640\" height=\"360\" src=\"https:\/\/sodecao.cm\/wp-content\/uploads\/2020\/09\/plants-de-cacaoyer-en-exposition.jpg\" alt=\"\" class=\"wp-image-2834\" srcset=\"https:\/\/sodecao.cm\/wp-content\/uploads\/2020\/09\/plants-de-cacaoyer-en-exposition.jpg 640w, https:\/\/sodecao.cm\/wp-content\/uploads\/2020\/09\/plants-de-cacaoyer-en-exposition-300x169.jpg 300w\" sizes=\"(max-width: 640px) 100vw, 640px\" \/><\/figure><\/div>\n\n\n<p>SODECAO's integrated pest management action plan is based on the principles set out in the table below:<\/p>\n\n\n\n<figure class=\"wp-block-table\"><table><tbody><tr><td><strong>Principles<\/strong><\/td><td><strong>Expected result<\/strong><\/td><td><strong>Risks<\/strong><\/td><td><strong>Application<\/strong><\/td><\/tr><tr><td><strong>Develop, produce and distribute quality plant material<\/strong><\/td><td>Quality seed is the foundation of sustainable cocoa production: \"The right seed produces the right harvest\".<br>Varieties that are resistant or tolerant to brown rot, capsids, drought and are highly productive are invaluable. &nbsp;<\/td><td>Non-compliant variety \nTransmission of pathogens or pests &nbsp;<\/td><td>Use only seeds from SODECAO certified seed fields.<br>Respect a maximum period of 72 hours between harvesting and sowing<\/td><\/tr><tr><td><strong>Choose fertile soil and sites<br>suitable for cocoa farming<\/strong> &nbsp;<\/td><td>The cocoa tree develops and competes effectively with weeds thanks to good soil and water management. &nbsp;<\/td><td>Polluted soil (ETM) Excess nitrogen Soil-borne pathogens Soil erosion &nbsp;<\/td><td>Select soils with good natural drainage, suitable for growing cocoa. Check soil history.  Identify the plots.  Always plant in weed-free fields. &nbsp;<\/td><\/tr><tr><td><strong>Adopt good nursery practices and respect hygiene &nbsp;<\/strong><\/td><td>Les plants vigoureux une fois transf\u00e9r\u00e9s en champ se comportent bien pendant la phase de croissance et de d\u00e9veloppement<\/td><td>Transmission de parasites via le mat\u00e9riel v\u00e9g\u00e9tal, le sol et les outils de travail &nbsp; &nbsp; &nbsp;<\/td><td>D\u00e9sinfecter le terreau avant de l\u2019utiliser en p\u00e9pini\u00e8re \u00c9tablir les p\u00e9pini\u00e8res dans un sol exempt de ravageurs\/ maladies pour favoriser le d\u00e9veloppement des plantules.<br>Recouvrir le sol avec un paillis de feuilles de neem ou d&rsquo;herbe s\u00e8che. greffer, de fa\u00e7on hygi\u00e9nique, uniquement le mat\u00e9riel s\u00e9lectionn\u00e9\u0301 et exempt de ravageurs\/maladies.<br>Analyser le sol des p\u00e9pini\u00e8res. &nbsp;<\/td><\/tr><tr><td><strong>Adopter les \u00e9cartements et les dispositifs ad\u00e9quats de plantation<\/strong> &nbsp;<\/td><td>Too high a density hinders the development of the crop and, by creating a damp environment, encourages the appearance of brown rot. Row planting saves seeds and makes agricultural operations such as weeding and harvesting easier.  Intercropping reduces insect pressure and guarantees yields. &nbsp;<\/td><td>Create favourable conditions for the development of parasites &nbsp;<\/td><td>Plant in rows, with appropriate spacing (3 mX3 m), to avoid excessive population density.<br>Intercropping (plantain) is practiced in alternating rows. Sow or plant perpendicular to the slope. <br>Respect the contour lines. &nbsp;<\/td><\/tr><tr><td><strong>Adopt good soil conservation practices<\/strong> &nbsp;<\/td><td>Poor soils are enriched to stimulate the growth and development of healthy crops and achieve high yields.  Green waste is recycled.<br>Fertiliser is used efficiently and economically. &nbsp;<\/td><td>Excess nitrates polluting soil and water.<br>Heavy metals in uncontrolled composts &nbsp;<\/td><td>Cover the soil with mulch and amend with compost or organic fertilizer.<br>If necessary, rectify the nutrient balance with mineral fertilizers to enrich low-fertility soils.<br> Split fertilizer inputs, particularly nitrogen, to better meet crop needs &nbsp;<\/td><\/tr><tr><td><strong>Adopt appropriate water management practices<\/strong> &nbsp;<\/td><td>The growth and development of the crop are not compromised by lack of water; in addition, the plants do not suffer from asphyxiation.<br>Less fungal diseases. &nbsp;<\/td><td>Contaminated water (nitrates, pesticides, heavy metals, human and plant pathogens) &nbsp;<\/td><td>In irrigated farming, irrigate plants regularly but only when necessary. &nbsp;<\/td><\/tr><tr><td><strong>Inspect the farms regularly<\/strong> &nbsp;<\/td><td>Regular farm inspections help in detecting the problems and the necessary integrated pest management measures to be implemented in order to prevent further damage and, consequently, major yield losses. Healthy harvest with few treatments. &nbsp;<\/td><td>Development of parasites. Need to treat, resulting in residues. Quarantine organisms present. &nbsp;<\/td><td>Inspect the farms every week to monitor plant growth and development, and monitor the evolution of associated populations.<br>Quickly detect the appearance of pests, diseases and weeds. Decide which cultivation operations to carry out. &nbsp;<\/td><\/tr><tr><td><strong>Keep the farms in perfect condition<br>propres<\/strong> &nbsp;<\/td><td>These measures prevent the proliferation of pests and diseases and their passage from one season to the next.<br>Pests and diseases cannot spread to the whole farm.<br>Healthy harvest with few treatments. &nbsp;<\/td><td>Development of parasites.  Need to treat more often, resulting in residues. &nbsp;<\/td><td>Do healthy harvesting. Clear the plantations of cocoa shells, which can be vectors for the spread of disease.<\/td><\/tr><tr><td><strong>Effective pest and disease control<\/strong> &nbsp;<\/td><td>Pest and disease problems are contained, allowing high and sustainable production, with a minimum of costly and environmentally dangerous inputs. &nbsp;<\/td><td>Presence of residues. Use of unauthorized products.<br>Non-compliance with GAP. Phytotoxicity &nbsp;<\/td><td>Implementation.<br>Adopt a strategy for preventing pests and preserving populations of beneficial insects.<br><br>Give priority to the least harmful methods for humans, crops and the environment. Favour mechanical or natural methods.<br><br>Where necessary, apply the appropriate product, using the required technique and complying with Good Agricultural Practices (recommended dose, stage, pre-harvest interval, maximum number of treatments, authorised formulation, volume\/ha). \u00a0<\/td><\/tr><tr><td><strong>Minimise the use of chemical pesticides<\/strong> <strong>&nbsp;<\/strong><\/td><td>The sparing use of selective chemical pesticides allows auxiliary populations (predatory ants, spiders, mantids and ladybirds, for example) to develop to the detriment of pests. Less resistance from pests. No residues. &nbsp;<\/td><td>Residues &gt; MRL in the case of repeated and systematic treatments. Development of resistance. &nbsp;<\/td><td>Avoid the systematic and regular application of pesticides. Where necessary, only use selective pesticides. Favour alternative methods and products.<br>Always analyse the agro-ecosystem before deciding on any treatment. &nbsp;<\/td><\/tr><\/tbody><\/table><\/figure>","protected":false},"excerpt":{"rendered":"<p>La lutte int\u00e9gr\u00e9e est l\u2019application rationnelle d&rsquo;une combinaison de mesures&#46;&#46;&#46;<\/p>","protected":false},"author":1,"featured_media":0,"parent":0,"menu_order":0,"comment_status":"closed","ping_status":"closed","template":"","meta":{"_bbp_topic_count":0,"_bbp_reply_count":0,"_bbp_total_topic_count":0,"_bbp_total_reply_count":0,"_bbp_voice_count":0,"_bbp_anonymous_reply_count":0,"_bbp_topic_count_hidden":0,"_bbp_reply_count_hidden":0,"_bbp_forum_subforum_count":0,"footnotes":""},"yoast_head":"<!-- This site is optimized with the Yoast SEO plugin v21.4 - https:\/\/yoast.com\/wordpress\/plugins\/seo\/ -->\n<title>Lutte int\u00e9gr\u00e9e - Soci\u00e9t\u00e9 de D\u00e9veloppement du Cacao<\/title>\n<meta name=\"robots\" content=\"index, follow, max-snippet:-1, max-image-preview:large, max-video-preview:-1\" \/>\n<link rel=\"canonical\" href=\"https:\/\/sodecao.cm\/en\/lutte-integree\/\" \/>\n<meta property=\"og:locale\" content=\"en_GB\" \/>\n<meta property=\"og:type\" content=\"article\" \/>\n<meta property=\"og:title\" content=\"Lutte int\u00e9gr\u00e9e - Soci\u00e9t\u00e9 de D\u00e9veloppement du Cacao\" \/>\n<meta property=\"og:description\" content=\"La lutte int\u00e9gr\u00e9e est l\u2019application rationnelle d&rsquo;une combinaison de mesures&#046;&#046;&#046;\" \/>\n<meta property=\"og:url\" content=\"https:\/\/sodecao.cm\/en\/lutte-integree\/\" \/>\n<meta property=\"og:site_name\" content=\"Soci\u00e9t\u00e9 de D\u00e9veloppement du Cacao\" \/>\n<meta property=\"article:modified_time\" content=\"2023-11-13T10:11:41+00:00\" \/>\n<meta property=\"og:image\" content=\"https:\/\/sodecao.cm\/wp-content\/uploads\/2020\/09\/plants-de-cacaoyer-en-exposition.jpg\" \/>\n<meta name=\"twitter:card\" content=\"summary_large_image\" \/>\n<meta name=\"twitter:label1\" content=\"Estimated reading time\" \/>\n\t<meta name=\"twitter:data1\" content=\"7 minutes\" \/>\n<script type=\"application\/ld+json\" class=\"yoast-schema-graph\">{\"@context\":\"https:\/\/schema.org\",\"@graph\":[{\"@type\":\"WebPage\",\"@id\":\"https:\/\/sodecao.cm\/lutte-integree\/\",\"url\":\"https:\/\/sodecao.cm\/lutte-integree\/\",\"name\":\"Lutte int\u00e9gr\u00e9e - Soci\u00e9t\u00e9 de D\u00e9veloppement du Cacao\",\"isPartOf\":{\"@id\":\"https:\/\/sodecao.cm\/#website\"},\"datePublished\":\"2023-11-05T22:57:21+00:00\",\"dateModified\":\"2023-11-13T10:11:41+00:00\",\"breadcrumb\":{\"@id\":\"https:\/\/sodecao.cm\/lutte-integree\/#breadcrumb\"},\"inLanguage\":\"en-GB\",\"potentialAction\":[{\"@type\":\"ReadAction\",\"target\":[\"https:\/\/sodecao.cm\/lutte-integree\/\"]}]},{\"@type\":\"BreadcrumbList\",\"@id\":\"https:\/\/sodecao.cm\/lutte-integree\/#breadcrumb\",\"itemListElement\":[{\"@type\":\"ListItem\",\"position\":1,\"name\":\"Accueil\",\"item\":\"https:\/\/sodecao.cm\/\"},{\"@type\":\"ListItem\",\"position\":2,\"name\":\"Lutte int\u00e9gr\u00e9e\"}]},{\"@type\":\"WebSite\",\"@id\":\"https:\/\/sodecao.cm\/#website\",\"url\":\"https:\/\/sodecao.cm\/\",\"name\":\"Soci\u00e9t\u00e9 de D\u00e9veloppement du Cacao\",\"description\":\"Prot\u00e9ger le verger cacaoyer\",\"publisher\":{\"@id\":\"https:\/\/sodecao.cm\/#organization\"},\"potentialAction\":[{\"@type\":\"SearchAction\",\"target\":{\"@type\":\"EntryPoint\",\"urlTemplate\":\"https:\/\/sodecao.cm\/?s={search_term_string}\"},\"query-input\":\"required name=search_term_string\"}],\"inLanguage\":\"en-GB\"},{\"@type\":\"Organization\",\"@id\":\"https:\/\/sodecao.cm\/#organization\",\"name\":\"Soci\u00e9t\u00e9 de D\u00e9veloppement du Cacao\",\"alternateName\":\"sodecao\",\"url\":\"https:\/\/sodecao.cm\/\",\"logo\":{\"@type\":\"ImageObject\",\"inLanguage\":\"en-GB\",\"@id\":\"https:\/\/sodecao.cm\/#\/schema\/logo\/image\/\",\"url\":\"https:\/\/sodecao.cm\/wp-content\/uploads\/2019\/09\/1532562884-1.jpg\",\"contentUrl\":\"https:\/\/sodecao.cm\/wp-content\/uploads\/2019\/09\/1532562884-1.jpg\",\"width\":308,\"height\":55,\"caption\":\"Soci\u00e9t\u00e9 de D\u00e9veloppement du Cacao\"},\"image\":{\"@id\":\"https:\/\/sodecao.cm\/#\/schema\/logo\/image\/\"}}]}<\/script>\n<!-- \/ Yoast SEO plugin. -->","yoast_head_json":{"title":"Lutte int\u00e9gr\u00e9e - Soci\u00e9t\u00e9 de D\u00e9veloppement du Cacao","robots":{"index":"index","follow":"follow","max-snippet":"max-snippet:-1","max-image-preview":"max-image-preview:large","max-video-preview":"max-video-preview:-1"},"canonical":"https:\/\/sodecao.cm\/en\/lutte-integree\/","og_locale":"en_GB","og_type":"article","og_title":"Lutte int\u00e9gr\u00e9e - Soci\u00e9t\u00e9 de D\u00e9veloppement du Cacao","og_description":"La lutte int\u00e9gr\u00e9e est l\u2019application rationnelle d&rsquo;une combinaison de mesures&#46;&#46;&#46;","og_url":"https:\/\/sodecao.cm\/en\/lutte-integree\/","og_site_name":"Soci\u00e9t\u00e9 de D\u00e9veloppement du Cacao","article_modified_time":"2023-11-13T10:11:41+00:00","og_image":[{"url":"https:\/\/sodecao.cm\/wp-content\/uploads\/2020\/09\/plants-de-cacaoyer-en-exposition.jpg"}],"twitter_card":"summary_large_image","twitter_misc":{"Estimated reading time":"7 minutes"},"schema":{"@context":"https:\/\/schema.org","@graph":[{"@type":"WebPage","@id":"https:\/\/sodecao.cm\/lutte-integree\/","url":"https:\/\/sodecao.cm\/lutte-integree\/","name":"Lutte int\u00e9gr\u00e9e - Soci\u00e9t\u00e9 de D\u00e9veloppement du Cacao","isPartOf":{"@id":"https:\/\/sodecao.cm\/#website"},"datePublished":"2023-11-05T22:57:21+00:00","dateModified":"2023-11-13T10:11:41+00:00","breadcrumb":{"@id":"https:\/\/sodecao.cm\/lutte-integree\/#breadcrumb"},"inLanguage":"en-GB","potentialAction":[{"@type":"ReadAction","target":["https:\/\/sodecao.cm\/lutte-integree\/"]}]},{"@type":"BreadcrumbList","@id":"https:\/\/sodecao.cm\/lutte-integree\/#breadcrumb","itemListElement":[{"@type":"ListItem","position":1,"name":"Accueil","item":"https:\/\/sodecao.cm\/"},{"@type":"ListItem","position":2,"name":"Lutte int\u00e9gr\u00e9e"}]},{"@type":"WebSite","@id":"https:\/\/sodecao.cm\/#website","url":"https:\/\/sodecao.cm\/","name":"Soci\u00e9t\u00e9 de D\u00e9veloppement du Cacao","description":"Prot\u00e9ger le verger cacaoyer","publisher":{"@id":"https:\/\/sodecao.cm\/#organization"},"potentialAction":[{"@type":"SearchAction","target":{"@type":"EntryPoint","urlTemplate":"https:\/\/sodecao.cm\/?s={search_term_string}"},"query-input":"required name=search_term_string"}],"inLanguage":"en-GB"},{"@type":"Organization","@id":"https:\/\/sodecao.cm\/#organization","name":"Soci\u00e9t\u00e9 de D\u00e9veloppement du Cacao","alternateName":"sodecao","url":"https:\/\/sodecao.cm\/","logo":{"@type":"ImageObject","inLanguage":"en-GB","@id":"https:\/\/sodecao.cm\/#\/schema\/logo\/image\/","url":"https:\/\/sodecao.cm\/wp-content\/uploads\/2019\/09\/1532562884-1.jpg","contentUrl":"https:\/\/sodecao.cm\/wp-content\/uploads\/2019\/09\/1532562884-1.jpg","width":308,"height":55,"caption":"Soci\u00e9t\u00e9 de D\u00e9veloppement du Cacao"},"image":{"@id":"https:\/\/sodecao.cm\/#\/schema\/logo\/image\/"}}]}},"_links":{"self":[{"href":"https:\/\/sodecao.cm\/en\/wp-json\/wp\/v2\/pages\/3386"}],"collection":[{"href":"https:\/\/sodecao.cm\/en\/wp-json\/wp\/v2\/pages"}],"about":[{"href":"https:\/\/sodecao.cm\/en\/wp-json\/wp\/v2\/types\/page"}],"author":[{"embeddable":true,"href":"https:\/\/sodecao.cm\/en\/wp-json\/wp\/v2\/users\/1"}],"replies":[{"embeddable":true,"href":"https:\/\/sodecao.cm\/en\/wp-json\/wp\/v2\/comments?post=3386"}],"version-history":[{"count":12,"href":"https:\/\/sodecao.cm\/en\/wp-json\/wp\/v2\/pages\/3386\/revisions"}],"predecessor-version":[{"id":3520,"href":"https:\/\/sodecao.cm\/en\/wp-json\/wp\/v2\/pages\/3386\/revisions\/3520"}],"wp:attachment":[{"href":"https:\/\/sodecao.cm\/en\/wp-json\/wp\/v2\/media?parent=3386"}],"curies":[{"name":"wp","href":"https:\/\/api.w.org\/{rel}","templated":true}]}}