{"id":3390,"date":"2023-11-05T23:08:32","date_gmt":"2023-11-05T23:08:32","guid":{"rendered":"https:\/\/sodecao.cm\/?page_id=3390"},"modified":"2023-11-13T10:46:13","modified_gmt":"2023-11-13T10:46:13","slug":"cacaoculture-sans-deforestation","status":"publish","type":"page","link":"https:\/\/sodecao.cm\/en\/cacaoculture-sans-deforestation\/","title":{"rendered":"Deforestation-free Cocoa farming"},"content":{"rendered":"<p>Deforestation-free cocoa farming involves setting up a production system with a low ecological footprint. It is a farming practice that involves a minimum rate of conversion at site level. In the case of Cameroon, the first requirement is compliance with the forestry law, which distinguishes between permanent and non-permanent forest areas. It is strictly forbidden to grow cocoa in the permanent forest area. In the non-permanent forest area, where it is permitted, it must preserve the essential biodiversity, i.e. with a strictly minimal conversion rate.  The European Union, through its Commission, is the main buyer of cocoa beans from Cameroon, and is currently drawing up a regulation that will come into force in 2025, with the aim of banning the import of cocoa that has caused deforestation.<\/p>\n\n\n\n<figure class=\"wp-block-image size-large\"><img decoding=\"async\" loading=\"lazy\" width=\"1024\" height=\"576\" src=\"https:\/\/sodecao.cm\/wp-content\/uploads\/2023\/11\/arbres_et_cacao_cjldoucet-1024x576.jpg\" alt=\"\" class=\"wp-image-3479\" srcset=\"https:\/\/sodecao.cm\/wp-content\/uploads\/2023\/11\/arbres_et_cacao_cjldoucet-1024x576.jpg 1024w, https:\/\/sodecao.cm\/wp-content\/uploads\/2023\/11\/arbres_et_cacao_cjldoucet-300x169.jpg 300w, https:\/\/sodecao.cm\/wp-content\/uploads\/2023\/11\/arbres_et_cacao_cjldoucet-768x432.jpg 768w, https:\/\/sodecao.cm\/wp-content\/uploads\/2023\/11\/arbres_et_cacao_cjldoucet-18x10.jpg 18w, https:\/\/sodecao.cm\/wp-content\/uploads\/2023\/11\/arbres_et_cacao_cjldoucet.jpg 1280w\" sizes=\"(max-width: 1024px) 100vw, 1024px\" \/><\/figure>\n\n\n\n<p>SODECAO has put in place a strategy to help producers meet this requirement, based on an intensive agroforestry production system.<\/p>\n\n\n\n<p>Transform the vicious circle of deforestation caused by low yields into a virtuous circle.<\/p>\n\n\n\n<p>To achieve this, SODECAO produces and provides farmers with improved planting material (cocoa and plantain seedlings) for the rehabilitation of old, low-yielding plots, builds their technical capacity in orchard maintenance and rehabilitation, and helps them set up an optimal orchard protection and fertilization strategy. This entire support package helps to obtain good yields on the production and rehabilitated plots; which leads to reducing the temptation  of deforesting  in order to create new plots.<\/p>\n\n\n\n<figure class=\"wp-block-image size-large\"><img decoding=\"async\" loading=\"lazy\" width=\"1024\" height=\"512\" src=\"https:\/\/sodecao.cm\/wp-content\/uploads\/2023\/11\/cacao-sans-deforest-1024x512.jpg\" alt=\"\" class=\"wp-image-3482\" srcset=\"https:\/\/sodecao.cm\/wp-content\/uploads\/2023\/11\/cacao-sans-deforest-1024x512.jpg 1024w, https:\/\/sodecao.cm\/wp-content\/uploads\/2023\/11\/cacao-sans-deforest-300x150.jpg 300w, https:\/\/sodecao.cm\/wp-content\/uploads\/2023\/11\/cacao-sans-deforest-768x384.jpg 768w, https:\/\/sodecao.cm\/wp-content\/uploads\/2023\/11\/cacao-sans-deforest-18x9.jpg 18w, https:\/\/sodecao.cm\/wp-content\/uploads\/2023\/11\/cacao-sans-deforest.jpg 1250w\" sizes=\"(max-width: 1024px) 100vw, 1024px\" \/><\/figure>","protected":false},"excerpt":{"rendered":"<p>La cacaoculture sans d\u00e9forestation fait appel \u00e0 la mise en&#46;&#46;&#46;<\/p>","protected":false},"author":1,"featured_media":0,"parent":0,"menu_order":0,"comment_status":"closed","ping_status":"closed","template":"","meta":{"_bbp_topic_count":0,"_bbp_reply_count":0,"_bbp_total_topic_count":0,"_bbp_total_reply_count":0,"_bbp_voice_count":0,"_bbp_anonymous_reply_count":0,"_bbp_topic_count_hidden":0,"_bbp_reply_count_hidden":0,"_bbp_forum_subforum_count":0,"footnotes":""},"yoast_head":"<!-- This site is optimized with the Yoast SEO plugin v21.4 - https:\/\/yoast.com\/wordpress\/plugins\/seo\/ -->\n<title>Cacaoculture sans d\u00e9forestation - Soci\u00e9t\u00e9 de D\u00e9veloppement du Cacao<\/title>\n<meta name=\"robots\" content=\"index, follow, max-snippet:-1, max-image-preview:large, max-video-preview:-1\" \/>\n<link rel=\"canonical\" href=\"https:\/\/sodecao.cm\/en\/cacaoculture-sans-deforestation\/\" \/>\n<meta property=\"og:locale\" content=\"en_GB\" \/>\n<meta property=\"og:type\" content=\"article\" \/>\n<meta property=\"og:title\" content=\"Cacaoculture sans d\u00e9forestation - Soci\u00e9t\u00e9 de D\u00e9veloppement du Cacao\" \/>\n<meta property=\"og:description\" content=\"La cacaoculture sans d\u00e9forestation fait appel \u00e0 la mise en&#046;&#046;&#046;\" \/>\n<meta property=\"og:url\" content=\"https:\/\/sodecao.cm\/en\/cacaoculture-sans-deforestation\/\" \/>\n<meta property=\"og:site_name\" content=\"Soci\u00e9t\u00e9 de D\u00e9veloppement du Cacao\" \/>\n<meta property=\"article:modified_time\" content=\"2023-11-13T10:46:13+00:00\" \/>\n<meta property=\"og:image\" content=\"https:\/\/sodecao.cm\/wp-content\/uploads\/2023\/11\/arbres_et_cacao_cjldoucet-1024x576.jpg\" \/>\n<meta name=\"twitter:card\" content=\"summary_large_image\" \/>\n<meta name=\"twitter:label1\" content=\"Estimated reading time\" \/>\n\t<meta name=\"twitter:data1\" content=\"2 minutes\" \/>\n<script type=\"application\/ld+json\" class=\"yoast-schema-graph\">{\"@context\":\"https:\/\/schema.org\",\"@graph\":[{\"@type\":\"WebPage\",\"@id\":\"https:\/\/sodecao.cm\/cacaoculture-sans-deforestation\/\",\"url\":\"https:\/\/sodecao.cm\/cacaoculture-sans-deforestation\/\",\"name\":\"Cacaoculture sans d\u00e9forestation - Soci\u00e9t\u00e9 de D\u00e9veloppement du Cacao\",\"isPartOf\":{\"@id\":\"https:\/\/sodecao.cm\/#website\"},\"datePublished\":\"2023-11-05T23:08:32+00:00\",\"dateModified\":\"2023-11-13T10:46:13+00:00\",\"breadcrumb\":{\"@id\":\"https:\/\/sodecao.cm\/cacaoculture-sans-deforestation\/#breadcrumb\"},\"inLanguage\":\"en-GB\",\"potentialAction\":[{\"@type\":\"ReadAction\",\"target\":[\"https:\/\/sodecao.cm\/cacaoculture-sans-deforestation\/\"]}]},{\"@type\":\"BreadcrumbList\",\"@id\":\"https:\/\/sodecao.cm\/cacaoculture-sans-deforestation\/#breadcrumb\",\"itemListElement\":[{\"@type\":\"ListItem\",\"position\":1,\"name\":\"Accueil\",\"item\":\"https:\/\/sodecao.cm\/\"},{\"@type\":\"ListItem\",\"position\":2,\"name\":\"Cacaoculture sans d\u00e9forestation\"}]},{\"@type\":\"WebSite\",\"@id\":\"https:\/\/sodecao.cm\/#website\",\"url\":\"https:\/\/sodecao.cm\/\",\"name\":\"Soci\u00e9t\u00e9 de D\u00e9veloppement du Cacao\",\"description\":\"Prot\u00e9ger le verger cacaoyer\",\"publisher\":{\"@id\":\"https:\/\/sodecao.cm\/#organization\"},\"potentialAction\":[{\"@type\":\"SearchAction\",\"target\":{\"@type\":\"EntryPoint\",\"urlTemplate\":\"https:\/\/sodecao.cm\/?s={search_term_string}\"},\"query-input\":\"required name=search_term_string\"}],\"inLanguage\":\"en-GB\"},{\"@type\":\"Organization\",\"@id\":\"https:\/\/sodecao.cm\/#organization\",\"name\":\"Soci\u00e9t\u00e9 de D\u00e9veloppement du Cacao\",\"alternateName\":\"sodecao\",\"url\":\"https:\/\/sodecao.cm\/\",\"logo\":{\"@type\":\"ImageObject\",\"inLanguage\":\"en-GB\",\"@id\":\"https:\/\/sodecao.cm\/#\/schema\/logo\/image\/\",\"url\":\"https:\/\/sodecao.cm\/wp-content\/uploads\/2019\/09\/1532562884-1.jpg\",\"contentUrl\":\"https:\/\/sodecao.cm\/wp-content\/uploads\/2019\/09\/1532562884-1.jpg\",\"width\":308,\"height\":55,\"caption\":\"Soci\u00e9t\u00e9 de D\u00e9veloppement du Cacao\"},\"image\":{\"@id\":\"https:\/\/sodecao.cm\/#\/schema\/logo\/image\/\"}}]}<\/script>\n<!-- \/ Yoast SEO plugin. -->","yoast_head_json":{"title":"Cacaoculture sans d\u00e9forestation - Soci\u00e9t\u00e9 de D\u00e9veloppement du Cacao","robots":{"index":"index","follow":"follow","max-snippet":"max-snippet:-1","max-image-preview":"max-image-preview:large","max-video-preview":"max-video-preview:-1"},"canonical":"https:\/\/sodecao.cm\/en\/cacaoculture-sans-deforestation\/","og_locale":"en_GB","og_type":"article","og_title":"Cacaoculture sans d\u00e9forestation - Soci\u00e9t\u00e9 de D\u00e9veloppement du Cacao","og_description":"La cacaoculture sans d\u00e9forestation fait appel \u00e0 la mise en&#46;&#46;&#46;","og_url":"https:\/\/sodecao.cm\/en\/cacaoculture-sans-deforestation\/","og_site_name":"Soci\u00e9t\u00e9 de D\u00e9veloppement du Cacao","article_modified_time":"2023-11-13T10:46:13+00:00","og_image":[{"url":"https:\/\/sodecao.cm\/wp-content\/uploads\/2023\/11\/arbres_et_cacao_cjldoucet-1024x576.jpg"}],"twitter_card":"summary_large_image","twitter_misc":{"Estimated reading time":"2 minutes"},"schema":{"@context":"https:\/\/schema.org","@graph":[{"@type":"WebPage","@id":"https:\/\/sodecao.cm\/cacaoculture-sans-deforestation\/","url":"https:\/\/sodecao.cm\/cacaoculture-sans-deforestation\/","name":"Cacaoculture sans d\u00e9forestation - Soci\u00e9t\u00e9 de D\u00e9veloppement du Cacao","isPartOf":{"@id":"https:\/\/sodecao.cm\/#website"},"datePublished":"2023-11-05T23:08:32+00:00","dateModified":"2023-11-13T10:46:13+00:00","breadcrumb":{"@id":"https:\/\/sodecao.cm\/cacaoculture-sans-deforestation\/#breadcrumb"},"inLanguage":"en-GB","potentialAction":[{"@type":"ReadAction","target":["https:\/\/sodecao.cm\/cacaoculture-sans-deforestation\/"]}]},{"@type":"BreadcrumbList","@id":"https:\/\/sodecao.cm\/cacaoculture-sans-deforestation\/#breadcrumb","itemListElement":[{"@type":"ListItem","position":1,"name":"Accueil","item":"https:\/\/sodecao.cm\/"},{"@type":"ListItem","position":2,"name":"Cacaoculture sans d\u00e9forestation"}]},{"@type":"WebSite","@id":"https:\/\/sodecao.cm\/#website","url":"https:\/\/sodecao.cm\/","name":"Soci\u00e9t\u00e9 de D\u00e9veloppement du Cacao","description":"Prot\u00e9ger le verger cacaoyer","publisher":{"@id":"https:\/\/sodecao.cm\/#organization"},"potentialAction":[{"@type":"SearchAction","target":{"@type":"EntryPoint","urlTemplate":"https:\/\/sodecao.cm\/?s={search_term_string}"},"query-input":"required name=search_term_string"}],"inLanguage":"en-GB"},{"@type":"Organization","@id":"https:\/\/sodecao.cm\/#organization","name":"Soci\u00e9t\u00e9 de D\u00e9veloppement du Cacao","alternateName":"sodecao","url":"https:\/\/sodecao.cm\/","logo":{"@type":"ImageObject","inLanguage":"en-GB","@id":"https:\/\/sodecao.cm\/#\/schema\/logo\/image\/","url":"https:\/\/sodecao.cm\/wp-content\/uploads\/2019\/09\/1532562884-1.jpg","contentUrl":"https:\/\/sodecao.cm\/wp-content\/uploads\/2019\/09\/1532562884-1.jpg","width":308,"height":55,"caption":"Soci\u00e9t\u00e9 de D\u00e9veloppement du Cacao"},"image":{"@id":"https:\/\/sodecao.cm\/#\/schema\/logo\/image\/"}}]}},"_links":{"self":[{"href":"https:\/\/sodecao.cm\/en\/wp-json\/wp\/v2\/pages\/3390"}],"collection":[{"href":"https:\/\/sodecao.cm\/en\/wp-json\/wp\/v2\/pages"}],"about":[{"href":"https:\/\/sodecao.cm\/en\/wp-json\/wp\/v2\/types\/page"}],"author":[{"embeddable":true,"href":"https:\/\/sodecao.cm\/en\/wp-json\/wp\/v2\/users\/1"}],"replies":[{"embeddable":true,"href":"https:\/\/sodecao.cm\/en\/wp-json\/wp\/v2\/comments?post=3390"}],"version-history":[{"count":6,"href":"https:\/\/sodecao.cm\/en\/wp-json\/wp\/v2\/pages\/3390\/revisions"}],"predecessor-version":[{"id":3522,"href":"https:\/\/sodecao.cm\/en\/wp-json\/wp\/v2\/pages\/3390\/revisions\/3522"}],"wp:attachment":[{"href":"https:\/\/sodecao.cm\/en\/wp-json\/wp\/v2\/media?parent=3390"}],"curies":[{"name":"wp","href":"https:\/\/api.w.org\/{rel}","templated":true}]}}