{"id":3398,"date":"2023-11-06T09:21:24","date_gmt":"2023-11-06T09:21:24","guid":{"rendered":"https:\/\/sodecao.cm\/?page_id=3398"},"modified":"2023-11-14T09:48:19","modified_gmt":"2023-11-14T09:48:19","slug":"tracabilite-de-la-semence","status":"publish","type":"page","link":"https:\/\/sodecao.cm\/en\/tracabilite-de-la-semence\/","title":{"rendered":"Seed traceability"},"content":{"rendered":"<div data-elementor-type=\"wp-page\" data-elementor-id=\"3398\" class=\"elementor elementor-3398\" data-elementor-settings=\"[]\">\n\t\t\t\t\t\t<div class=\"elementor-inner\">\n\t\t\t\t\t\t\t<div class=\"elementor-section-wrap\">\n\t\t\t\t\t\t\t<section class=\"elementor-section elementor-top-section elementor-element elementor-element-3ba9a1c9 elementor-section-boxed elementor-section-height-default elementor-section-height-default\" data-id=\"3ba9a1c9\" data-element_type=\"section\">\n\t\t\t\t\t\t<div class=\"elementor-container elementor-column-gap-default\">\n\t\t\t\t\t\t\t<div class=\"elementor-row\">\n\t\t\t\t\t<div class=\"elementor-column elementor-col-100 elementor-top-column elementor-element elementor-element-5e5261d0\" data-id=\"5e5261d0\" data-element_type=\"column\">\n\t\t\t<div class=\"elementor-column-wrap elementor-element-populated\">\n\t\t\t\t\t\t\t<div class=\"elementor-widget-wrap\">\n\t\t\t\t\t\t<div class=\"elementor-element elementor-element-558ff2f2 elementor-widget elementor-widget-text-editor\" data-id=\"558ff2f2\" data-element_type=\"widget\" data-widget_type=\"text-editor.default\">\n\t\t\t\t<div class=\"elementor-widget-container\">\n\t\t\t\t\t<div class=\"elementor-text-editor elementor-clearfix\"><!-- wp:paragraph -->\n<p>Generally speaking, traceability is the ability to identify and trace the history, distribution, location and use of a product (cocoa seed, cocoa bean, etc.) in order to ensure the reliability of environmental sustainability claims.<\/p>\n<!-- \/wp:paragraph -->\n\n<!-- wp:paragraph -->\n<p>As for the seed, it is a question of tracing its origin throughout the chain (pre-basic seed, basic seed, farmer seed). SODECAO has seed farms established from parents, thanks to research. Biclonal fields produce clearly identified hybrid seeds with known characteristics. These hybrid pods are then used as seed for the creation of nurseries throughout the production basins. These nurseries produce seedlings which are then distributed to growers. In this way, each cocoa plant given to a producer can be traced back to its origins.<\/p>\n<!-- \/wp:paragraph -->\n\n<!-- wp:paragraph -->\n<p>As for the cocoa bean, the aim is to trace its origin along the value chain<\/p>\n<!-- \/wp:paragraph --><\/div>\n\t\t\t\t<\/div>\n\t\t\t\t<\/div>\n\t\t\t\t\t\t<\/div>\n\t\t\t\t\t<\/div>\n\t\t<\/div>\n\t\t\t\t\t\t\t\t<\/div>\n\t\t\t\t\t<\/div>\n\t\t<\/section>\n\t\t\t\t<section class=\"elementor-section elementor-top-section elementor-element elementor-element-a7176f0 elementor-section-boxed elementor-section-height-default elementor-section-height-default\" data-id=\"a7176f0\" data-element_type=\"section\">\n\t\t\t\t\t\t<div class=\"elementor-container elementor-column-gap-default\">\n\t\t\t\t\t\t\t<div class=\"elementor-row\">\n\t\t\t\t\t<div class=\"elementor-column elementor-col-100 elementor-top-column elementor-element elementor-element-f345f2e\" data-id=\"f345f2e\" data-element_type=\"column\">\n\t\t\t<div class=\"elementor-column-wrap elementor-element-populated\">\n\t\t\t\t\t\t\t<div class=\"elementor-widget-wrap\">\n\t\t\t\t\t\t<div class=\"elementor-element elementor-element-59d6129 elementor-widget elementor-widget-image\" data-id=\"59d6129\" data-element_type=\"widget\" data-widget_type=\"image.default\">\n\t\t\t\t<div class=\"elementor-widget-container\">\n\t\t\t\t\t<div class=\"elementor-image\">\n\t\t\t\t\t\t\t\t\t\t<img loading=\"lazy\" width=\"641\" height=\"72\" src=\"https:\/\/sodecao.cm\/wp-content\/uploads\/2023\/11\/TraceEN.png\" class=\"attachment-large size-large\" alt=\"\" decoding=\"async\" srcset=\"https:\/\/sodecao.cm\/wp-content\/uploads\/2023\/11\/TraceEN.png 554w, https:\/\/sodecao.cm\/wp-content\/uploads\/2023\/11\/TraceEN-300x42.png 300w, https:\/\/sodecao.cm\/wp-content\/uploads\/2023\/11\/TraceEN-18x3.png 18w\" sizes=\"(max-width: 641px) 100vw, 641px\" \/>\t\t\t\t\t\t\t\t\t\t\t<\/div>\n\t\t\t\t<\/div>\n\t\t\t\t<\/div>\n\t\t\t\t\t\t<\/div>\n\t\t\t\t\t<\/div>\n\t\t<\/div>\n\t\t\t\t\t\t\t\t<\/div>\n\t\t\t\t\t<\/div>\n\t\t<\/section>\n\t\t\t\t<section class=\"elementor-section elementor-top-section elementor-element elementor-element-5270d78 elementor-section-boxed elementor-section-height-default elementor-section-height-default\" data-id=\"5270d78\" data-element_type=\"section\">\n\t\t\t\t\t\t<div class=\"elementor-container elementor-column-gap-default\">\n\t\t\t\t\t\t\t<div class=\"elementor-row\">\n\t\t\t\t\t<div class=\"elementor-column elementor-col-100 elementor-top-column elementor-element elementor-element-f3bba38\" data-id=\"f3bba38\" data-element_type=\"column\">\n\t\t\t<div class=\"elementor-column-wrap elementor-element-populated\">\n\t\t\t\t\t\t\t<div class=\"elementor-widget-wrap\">\n\t\t\t\t\t\t<div class=\"elementor-element elementor-element-1d5d849 elementor-widget elementor-widget-image\" data-id=\"1d5d849\" data-element_type=\"widget\" data-widget_type=\"image.default\">\n\t\t\t\t<div class=\"elementor-widget-container\">\n\t\t\t\t\t<div class=\"elementor-image\">\n\t\t\t\t\t\t\t\t\t\t<img loading=\"lazy\" width=\"768\" height=\"508\" src=\"https:\/\/sodecao.cm\/wp-content\/uploads\/2021\/04\/G4-768x508.jpg\" class=\"attachment-medium_large size-medium_large\" alt=\"\" decoding=\"async\" srcset=\"https:\/\/sodecao.cm\/wp-content\/uploads\/2021\/04\/G4-768x508.jpg 768w, https:\/\/sodecao.cm\/wp-content\/uploads\/2021\/04\/G4-300x199.jpg 300w, https:\/\/sodecao.cm\/wp-content\/uploads\/2021\/04\/G4-1024x678.jpg 1024w, https:\/\/sodecao.cm\/wp-content\/uploads\/2021\/04\/G4.jpg 1127w\" sizes=\"(max-width: 768px) 100vw, 768px\" \/>\t\t\t\t\t\t\t\t\t\t\t<\/div>\n\t\t\t\t<\/div>\n\t\t\t\t<\/div>\n\t\t\t\t\t\t<\/div>\n\t\t\t\t\t<\/div>\n\t\t<\/div>\n\t\t\t\t\t\t\t\t<\/div>\n\t\t\t\t\t<\/div>\n\t\t<\/section>\n\t\t\t\t<section class=\"elementor-section elementor-top-section elementor-element elementor-element-6a98715 elementor-section-boxed elementor-section-height-default elementor-section-height-default\" data-id=\"6a98715\" data-element_type=\"section\">\n\t\t\t\t\t\t<div class=\"elementor-container elementor-column-gap-default\">\n\t\t\t\t\t\t\t<div class=\"elementor-row\">\n\t\t\t\t\t<div class=\"elementor-column elementor-col-100 elementor-top-column elementor-element elementor-element-5a79d13\" data-id=\"5a79d13\" data-element_type=\"column\">\n\t\t\t<div class=\"elementor-column-wrap elementor-element-populated\">\n\t\t\t\t\t\t\t<div class=\"elementor-widget-wrap\">\n\t\t\t\t\t\t<div class=\"elementor-element elementor-element-eba59d0 elementor-widget elementor-widget-image\" data-id=\"eba59d0\" data-element_type=\"widget\" data-widget_type=\"image.default\">\n\t\t\t\t<div class=\"elementor-widget-container\">\n\t\t\t\t\t<div class=\"elementor-image\">\n\t\t\t\t\t\t\t\t\t\t<img loading=\"lazy\" width=\"768\" height=\"379\" src=\"https:\/\/sodecao.cm\/wp-content\/uploads\/2020\/08\/image033-768x379.jpg\" class=\"attachment-medium_large size-medium_large\" alt=\"\" decoding=\"async\" srcset=\"https:\/\/sodecao.cm\/wp-content\/uploads\/2020\/08\/image033-768x379.jpg 768w, https:\/\/sodecao.cm\/wp-content\/uploads\/2020\/08\/image033-300x148.jpg 300w, https:\/\/sodecao.cm\/wp-content\/uploads\/2020\/08\/image033-1024x505.jpg 1024w, https:\/\/sodecao.cm\/wp-content\/uploads\/2020\/08\/image033.jpg 1057w\" sizes=\"(max-width: 768px) 100vw, 768px\" \/>\t\t\t\t\t\t\t\t\t\t\t<\/div>\n\t\t\t\t<\/div>\n\t\t\t\t<\/div>\n\t\t\t\t\t\t<\/div>\n\t\t\t\t\t<\/div>\n\t\t<\/div>\n\t\t\t\t\t\t\t\t<\/div>\n\t\t\t\t\t<\/div>\n\t\t<\/section>\n\t\t\t\t\t\t<\/div>\n\t\t\t\t\t\t<\/div>\n\t\t\t\t\t<\/div>","protected":false},"excerpt":{"rendered":"<p>D\u2019une mani\u00e8re g\u00e9n\u00e9rale, la tra\u00e7abilit\u00e9 est la capacit\u00e9 d\u2019identifier et&#46;&#46;&#46;<\/p>","protected":false},"author":1,"featured_media":0,"parent":0,"menu_order":0,"comment_status":"closed","ping_status":"closed","template":"","meta":{"_bbp_topic_count":0,"_bbp_reply_count":0,"_bbp_total_topic_count":0,"_bbp_total_reply_count":0,"_bbp_voice_count":0,"_bbp_anonymous_reply_count":0,"_bbp_topic_count_hidden":0,"_bbp_reply_count_hidden":0,"_bbp_forum_subforum_count":0,"footnotes":""},"yoast_head":"<!-- This site is optimized with the Yoast SEO plugin v21.4 - https:\/\/yoast.com\/wordpress\/plugins\/seo\/ -->\n<title>Tra\u00e7abilit\u00e9 de la semence - Soci\u00e9t\u00e9 de D\u00e9veloppement du Cacao<\/title>\n<meta name=\"robots\" content=\"index, follow, max-snippet:-1, max-image-preview:large, max-video-preview:-1\" \/>\n<link rel=\"canonical\" href=\"https:\/\/sodecao.cm\/en\/tracabilite-de-la-semence\/\" \/>\n<meta property=\"og:locale\" content=\"en_GB\" \/>\n<meta property=\"og:type\" content=\"article\" \/>\n<meta property=\"og:title\" content=\"Tra\u00e7abilit\u00e9 de la semence - Soci\u00e9t\u00e9 de D\u00e9veloppement du Cacao\" \/>\n<meta property=\"og:description\" content=\"D\u2019une mani\u00e8re g\u00e9n\u00e9rale, la tra\u00e7abilit\u00e9 est la capacit\u00e9 d\u2019identifier et&#046;&#046;&#046;\" \/>\n<meta property=\"og:url\" content=\"https:\/\/sodecao.cm\/en\/tracabilite-de-la-semence\/\" \/>\n<meta property=\"og:site_name\" content=\"Soci\u00e9t\u00e9 de D\u00e9veloppement du Cacao\" \/>\n<meta property=\"article:modified_time\" content=\"2023-11-14T09:48:19+00:00\" \/>\n<meta property=\"og:image\" content=\"https:\/\/sodecao.cm\/wp-content\/uploads\/2023\/11\/Tracabilite-1.png\" \/>\n<meta name=\"twitter:card\" content=\"summary_large_image\" \/>\n<meta name=\"twitter:label1\" content=\"Estimated reading time\" \/>\n\t<meta name=\"twitter:data1\" content=\"2 minutes\" \/>\n<script type=\"application\/ld+json\" class=\"yoast-schema-graph\">{\"@context\":\"https:\/\/schema.org\",\"@graph\":[{\"@type\":\"WebPage\",\"@id\":\"https:\/\/sodecao.cm\/tracabilite-de-la-semence\/\",\"url\":\"https:\/\/sodecao.cm\/tracabilite-de-la-semence\/\",\"name\":\"Tra\u00e7abilit\u00e9 de la semence - Soci\u00e9t\u00e9 de D\u00e9veloppement du Cacao\",\"isPartOf\":{\"@id\":\"https:\/\/sodecao.cm\/#website\"},\"datePublished\":\"2023-11-06T09:21:24+00:00\",\"dateModified\":\"2023-11-14T09:48:19+00:00\",\"breadcrumb\":{\"@id\":\"https:\/\/sodecao.cm\/tracabilite-de-la-semence\/#breadcrumb\"},\"inLanguage\":\"en-GB\",\"potentialAction\":[{\"@type\":\"ReadAction\",\"target\":[\"https:\/\/sodecao.cm\/tracabilite-de-la-semence\/\"]}]},{\"@type\":\"BreadcrumbList\",\"@id\":\"https:\/\/sodecao.cm\/tracabilite-de-la-semence\/#breadcrumb\",\"itemListElement\":[{\"@type\":\"ListItem\",\"position\":1,\"name\":\"Accueil\",\"item\":\"https:\/\/sodecao.cm\/\"},{\"@type\":\"ListItem\",\"position\":2,\"name\":\"Tra\u00e7abilit\u00e9 de la semence\"}]},{\"@type\":\"WebSite\",\"@id\":\"https:\/\/sodecao.cm\/#website\",\"url\":\"https:\/\/sodecao.cm\/\",\"name\":\"Soci\u00e9t\u00e9 de D\u00e9veloppement du Cacao\",\"description\":\"Prot\u00e9ger le verger cacaoyer\",\"publisher\":{\"@id\":\"https:\/\/sodecao.cm\/#organization\"},\"potentialAction\":[{\"@type\":\"SearchAction\",\"target\":{\"@type\":\"EntryPoint\",\"urlTemplate\":\"https:\/\/sodecao.cm\/?s={search_term_string}\"},\"query-input\":\"required name=search_term_string\"}],\"inLanguage\":\"en-GB\"},{\"@type\":\"Organization\",\"@id\":\"https:\/\/sodecao.cm\/#organization\",\"name\":\"Soci\u00e9t\u00e9 de D\u00e9veloppement du Cacao\",\"alternateName\":\"sodecao\",\"url\":\"https:\/\/sodecao.cm\/\",\"logo\":{\"@type\":\"ImageObject\",\"inLanguage\":\"en-GB\",\"@id\":\"https:\/\/sodecao.cm\/#\/schema\/logo\/image\/\",\"url\":\"https:\/\/sodecao.cm\/wp-content\/uploads\/2019\/09\/1532562884-1.jpg\",\"contentUrl\":\"https:\/\/sodecao.cm\/wp-content\/uploads\/2019\/09\/1532562884-1.jpg\",\"width\":308,\"height\":55,\"caption\":\"Soci\u00e9t\u00e9 de D\u00e9veloppement du Cacao\"},\"image\":{\"@id\":\"https:\/\/sodecao.cm\/#\/schema\/logo\/image\/\"}}]}<\/script>\n<!-- \/ Yoast SEO plugin. -->","yoast_head_json":{"title":"Tra\u00e7abilit\u00e9 de la semence - Soci\u00e9t\u00e9 de D\u00e9veloppement du Cacao","robots":{"index":"index","follow":"follow","max-snippet":"max-snippet:-1","max-image-preview":"max-image-preview:large","max-video-preview":"max-video-preview:-1"},"canonical":"https:\/\/sodecao.cm\/en\/tracabilite-de-la-semence\/","og_locale":"en_GB","og_type":"article","og_title":"Tra\u00e7abilit\u00e9 de la semence - Soci\u00e9t\u00e9 de D\u00e9veloppement du Cacao","og_description":"D\u2019une mani\u00e8re g\u00e9n\u00e9rale, la tra\u00e7abilit\u00e9 est la capacit\u00e9 d\u2019identifier et&#46;&#46;&#46;","og_url":"https:\/\/sodecao.cm\/en\/tracabilite-de-la-semence\/","og_site_name":"Soci\u00e9t\u00e9 de D\u00e9veloppement du Cacao","article_modified_time":"2023-11-14T09:48:19+00:00","og_image":[{"url":"https:\/\/sodecao.cm\/wp-content\/uploads\/2023\/11\/Tracabilite-1.png"}],"twitter_card":"summary_large_image","twitter_misc":{"Estimated reading time":"2 minutes"},"schema":{"@context":"https:\/\/schema.org","@graph":[{"@type":"WebPage","@id":"https:\/\/sodecao.cm\/tracabilite-de-la-semence\/","url":"https:\/\/sodecao.cm\/tracabilite-de-la-semence\/","name":"Tra\u00e7abilit\u00e9 de la semence - Soci\u00e9t\u00e9 de D\u00e9veloppement du Cacao","isPartOf":{"@id":"https:\/\/sodecao.cm\/#website"},"datePublished":"2023-11-06T09:21:24+00:00","dateModified":"2023-11-14T09:48:19+00:00","breadcrumb":{"@id":"https:\/\/sodecao.cm\/tracabilite-de-la-semence\/#breadcrumb"},"inLanguage":"en-GB","potentialAction":[{"@type":"ReadAction","target":["https:\/\/sodecao.cm\/tracabilite-de-la-semence\/"]}]},{"@type":"BreadcrumbList","@id":"https:\/\/sodecao.cm\/tracabilite-de-la-semence\/#breadcrumb","itemListElement":[{"@type":"ListItem","position":1,"name":"Accueil","item":"https:\/\/sodecao.cm\/"},{"@type":"ListItem","position":2,"name":"Tra\u00e7abilit\u00e9 de la semence"}]},{"@type":"WebSite","@id":"https:\/\/sodecao.cm\/#website","url":"https:\/\/sodecao.cm\/","name":"Soci\u00e9t\u00e9 de D\u00e9veloppement du Cacao","description":"Prot\u00e9ger le verger cacaoyer","publisher":{"@id":"https:\/\/sodecao.cm\/#organization"},"potentialAction":[{"@type":"SearchAction","target":{"@type":"EntryPoint","urlTemplate":"https:\/\/sodecao.cm\/?s={search_term_string}"},"query-input":"required name=search_term_string"}],"inLanguage":"en-GB"},{"@type":"Organization","@id":"https:\/\/sodecao.cm\/#organization","name":"Soci\u00e9t\u00e9 de D\u00e9veloppement du Cacao","alternateName":"sodecao","url":"https:\/\/sodecao.cm\/","logo":{"@type":"ImageObject","inLanguage":"en-GB","@id":"https:\/\/sodecao.cm\/#\/schema\/logo\/image\/","url":"https:\/\/sodecao.cm\/wp-content\/uploads\/2019\/09\/1532562884-1.jpg","contentUrl":"https:\/\/sodecao.cm\/wp-content\/uploads\/2019\/09\/1532562884-1.jpg","width":308,"height":55,"caption":"Soci\u00e9t\u00e9 de D\u00e9veloppement du Cacao"},"image":{"@id":"https:\/\/sodecao.cm\/#\/schema\/logo\/image\/"}}]}},"_links":{"self":[{"href":"https:\/\/sodecao.cm\/en\/wp-json\/wp\/v2\/pages\/3398"}],"collection":[{"href":"https:\/\/sodecao.cm\/en\/wp-json\/wp\/v2\/pages"}],"about":[{"href":"https:\/\/sodecao.cm\/en\/wp-json\/wp\/v2\/types\/page"}],"author":[{"embeddable":true,"href":"https:\/\/sodecao.cm\/en\/wp-json\/wp\/v2\/users\/1"}],"replies":[{"embeddable":true,"href":"https:\/\/sodecao.cm\/en\/wp-json\/wp\/v2\/comments?post=3398"}],"version-history":[{"count":11,"href":"https:\/\/sodecao.cm\/en\/wp-json\/wp\/v2\/pages\/3398\/revisions"}],"predecessor-version":[{"id":3643,"href":"https:\/\/sodecao.cm\/en\/wp-json\/wp\/v2\/pages\/3398\/revisions\/3643"}],"wp:attachment":[{"href":"https:\/\/sodecao.cm\/en\/wp-json\/wp\/v2\/media?parent=3398"}],"curies":[{"name":"wp","href":"https:\/\/api.w.org\/{rel}","templated":true}]}}