{"id":3647,"date":"2023-11-14T11:01:05","date_gmt":"2023-11-14T11:01:05","guid":{"rendered":"https:\/\/sodecao.cm\/?page_id=3647"},"modified":"2023-11-14T11:12:32","modified_gmt":"2023-11-14T11:12:32","slug":"dirigeants","status":"publish","type":"page","link":"https:\/\/sodecao.cm\/en\/dirigeants\/","title":{"rendered":"Management body"},"content":{"rendered":"<p><strong>NGBA Zacharie<\/strong><\/p>\n\n\n\n<p><strong>Board chair<\/strong><\/p>\n\n\n\n<figure class=\"wp-block-image size-large\"><img decoding=\"async\" loading=\"lazy\" width=\"1024\" height=\"958\" src=\"https:\/\/sodecao.cm\/wp-content\/uploads\/2020\/09\/image004-1024x958.png\" alt=\"\" class=\"wp-image-2624\" srcset=\"https:\/\/sodecao.cm\/wp-content\/uploads\/2020\/09\/image004-1024x958.png 1024w, https:\/\/sodecao.cm\/wp-content\/uploads\/2020\/09\/image004-300x281.png 300w, https:\/\/sodecao.cm\/wp-content\/uploads\/2020\/09\/image004-768x718.png 768w, https:\/\/sodecao.cm\/wp-content\/uploads\/2020\/09\/image004.png 1116w\" sizes=\"(max-width: 1024px) 100vw, 1024px\" \/><\/figure>\n\n\n\n<p>Born on October 08, 1953 in Andom-Bertoua, in the East Region, Mr. NGBA Zacharie who retired as Senior Treasury Inspector, graduated from the National School of Administration and Magistracy (ENAM) inYaounde. He holds a Bachelor's Degree and Master's Degree in Modern Letters, a DEA in Contemporary Literature, and a Doctorate\/PHD in Modern French Literature. He has a wealth of experience in the Cameroonian Public Administration, as illustrated by his professional career and the positions of responsibility, notably: at the Ministry of Finance as Authorized Officer and Verifier Inspector at the Yaounde Treasury ; at the Higher State Control Services as State Inspector; at the Ministry of Higher Education as Director of Administrative and Financial Affairs at the Yaounde I University; at the Prime Minister's Office as Charg\u00e9 de Mission; and at the Ministry of Social Affairs as Secretary General.<\/p>\n\n\n\n<p><strong>EKO\u2019O AKOUAFANE Jean-Claude<\/strong><\/p>\n\n\n\n<p><strong>General Manager<\/strong><\/p>\n\n\n\n<figure class=\"wp-block-image size-large\"><img decoding=\"async\" loading=\"lazy\" width=\"1024\" height=\"958\" src=\"https:\/\/sodecao.cm\/wp-content\/uploads\/2020\/09\/image009-1024x958.png\" alt=\"\" class=\"wp-image-2625\" srcset=\"https:\/\/sodecao.cm\/wp-content\/uploads\/2020\/09\/image009-1024x958.png 1024w, https:\/\/sodecao.cm\/wp-content\/uploads\/2020\/09\/image009-300x281.png 300w, https:\/\/sodecao.cm\/wp-content\/uploads\/2020\/09\/image009-768x718.png 768w, https:\/\/sodecao.cm\/wp-content\/uploads\/2020\/09\/image009.png 1116w\" sizes=\"(max-width: 1024px) 100vw, 1024px\" \/><\/figure>\n\n\n\n<p>Born on September 04, 1957 in Enongal-Ebolowa, South Region. He is married and father of several children. He is a senior most qualified Civil Administrator, a graduate of the National School of Administration and Magistracy (ENAM) in Yaounde; he holds a Bachelor's degree in Public Law and a Master's degree in Economics from the University of Yaounde II. He has extensive professional experience. He was successively: Head of the Mail Service at the Ministry of Trade and Industry; Head of the Administrative and Financial Department at CENEEMA; Assistant Research Officer, then Deputy Director of Budget and Personnel at the Ministry of Post and Telecommunications; Director of General Affairs at the Prime Minister's Office; Technical Advisor at the Prime Minister's Office; Secretary General at the Ministry of Agriculture and Rural Development, from 2007 to 2017.<\/p>\n\n\n\n<p><\/p>\n\n\n\n<p><strong>ENANG James ENANG<\/strong><\/p>\n\n\n\n<p><strong>DEPUTY General Manager<\/strong><\/p>\n\n\n\n<figure class=\"wp-block-image size-large\"><img decoding=\"async\" loading=\"lazy\" width=\"1024\" height=\"956\" src=\"https:\/\/sodecao.cm\/wp-content\/uploads\/2020\/09\/image013-1024x956.png\" alt=\"\" class=\"wp-image-2626\" srcset=\"https:\/\/sodecao.cm\/wp-content\/uploads\/2020\/09\/image013-1024x956.png 1024w, https:\/\/sodecao.cm\/wp-content\/uploads\/2020\/09\/image013-300x280.png 300w, https:\/\/sodecao.cm\/wp-content\/uploads\/2020\/09\/image013-768x717.png 768w, https:\/\/sodecao.cm\/wp-content\/uploads\/2020\/09\/image013.png 1117w\" sizes=\"(max-width: 1024px) 100vw, 1024px\" \/><\/figure>\n\n\n\n<p>Was born on September 21, 1970 in Buea. He is married and father of several children. He is an Agricultural Engineer, holder of a diploma from the National Institute of Rural Development (MINADER), Dschang. He is also a holder of a Master\u2019s Degree in Crop Protection obtained from the University of Buea. He has occupied several positions of responsibility in MINADER, both at the level of Central and External Services. Without listing all of them, he has been: Divisional Delegate of Agriculture and Rural Development for Libialem; Sub-Regional Delegate for Agriculture and Rural Development at the Ministry of Agriculture and Rural Development (MINADER); Regional Delegate in the South West; Regional Delegation of Agriculture and Rural Development, South West; Inspector N\u00b01 and Inspector n\u00b02 in charge of Agriculture Development and also Technical Adviser n\u00b01, MINADER.<\/p>\n\n\n\n<figure class=\"wp-block-image size-full\"><img decoding=\"async\" loading=\"lazy\" width=\"1024\" height=\"621\" src=\"https:\/\/sodecao.cm\/wp-content\/uploads\/2020\/09\/WhatsApp-Image-2023-10-02-at-13.40.00-e1696985500630.jpeg\" alt=\"\" class=\"wp-image-3164\" srcset=\"https:\/\/sodecao.cm\/wp-content\/uploads\/2020\/09\/WhatsApp-Image-2023-10-02-at-13.40.00-e1696985500630.jpeg 1024w, https:\/\/sodecao.cm\/wp-content\/uploads\/2020\/09\/WhatsApp-Image-2023-10-02-at-13.40.00-e1696985500630-300x182.jpeg 300w, https:\/\/sodecao.cm\/wp-content\/uploads\/2020\/09\/WhatsApp-Image-2023-10-02-at-13.40.00-e1696985500630-768x466.jpeg 768w\" sizes=\"(max-width: 1024px) 100vw, 1024px\" \/><\/figure>\n\n\n\n<p>HEAD OFFICE<\/p>","protected":false},"excerpt":{"rendered":"<p>NGBA Zacharie Pr\u00e9sident du Conseil d&rsquo;Administration N\u00e9 le 08 octobre&#46;&#46;&#46;<\/p>","protected":false},"author":1,"featured_media":0,"parent":0,"menu_order":0,"comment_status":"closed","ping_status":"closed","template":"","meta":{"_bbp_topic_count":0,"_bbp_reply_count":0,"_bbp_total_topic_count":0,"_bbp_total_reply_count":0,"_bbp_voice_count":0,"_bbp_anonymous_reply_count":0,"_bbp_topic_count_hidden":0,"_bbp_reply_count_hidden":0,"_bbp_forum_subforum_count":0,"footnotes":""},"yoast_head":"<!-- This site is optimized with the Yoast SEO plugin v21.4 - https:\/\/yoast.com\/wordpress\/plugins\/seo\/ -->\n<title>Dirigeants - Soci\u00e9t\u00e9 de D\u00e9veloppement du Cacao<\/title>\n<meta name=\"robots\" content=\"index, follow, max-snippet:-1, max-image-preview:large, max-video-preview:-1\" \/>\n<link rel=\"canonical\" href=\"https:\/\/sodecao.cm\/en\/dirigeants\/\" \/>\n<meta property=\"og:locale\" content=\"en_GB\" \/>\n<meta property=\"og:type\" content=\"article\" \/>\n<meta property=\"og:title\" content=\"Dirigeants - Soci\u00e9t\u00e9 de D\u00e9veloppement du Cacao\" \/>\n<meta property=\"og:description\" content=\"NGBA Zacharie Pr\u00e9sident du Conseil d&rsquo;Administration N\u00e9 le 08 octobre&#046;&#046;&#046;\" \/>\n<meta property=\"og:url\" content=\"https:\/\/sodecao.cm\/en\/dirigeants\/\" \/>\n<meta property=\"og:site_name\" content=\"Soci\u00e9t\u00e9 de D\u00e9veloppement du Cacao\" \/>\n<meta property=\"article:modified_time\" content=\"2023-11-14T11:12:32+00:00\" \/>\n<meta property=\"og:image\" content=\"https:\/\/sodecao.cm\/wp-content\/uploads\/2020\/09\/image004-1024x958.png\" \/>\n<meta name=\"twitter:card\" content=\"summary_large_image\" \/>\n<meta name=\"twitter:label1\" content=\"Estimated reading time\" \/>\n\t<meta name=\"twitter:data1\" content=\"3 minutes\" \/>\n<script type=\"application\/ld+json\" class=\"yoast-schema-graph\">{\"@context\":\"https:\/\/schema.org\",\"@graph\":[{\"@type\":\"WebPage\",\"@id\":\"https:\/\/sodecao.cm\/dirigeants\/\",\"url\":\"https:\/\/sodecao.cm\/dirigeants\/\",\"name\":\"Dirigeants - Soci\u00e9t\u00e9 de D\u00e9veloppement du Cacao\",\"isPartOf\":{\"@id\":\"https:\/\/sodecao.cm\/#website\"},\"datePublished\":\"2023-11-14T11:01:05+00:00\",\"dateModified\":\"2023-11-14T11:12:32+00:00\",\"breadcrumb\":{\"@id\":\"https:\/\/sodecao.cm\/dirigeants\/#breadcrumb\"},\"inLanguage\":\"en-GB\",\"potentialAction\":[{\"@type\":\"ReadAction\",\"target\":[\"https:\/\/sodecao.cm\/dirigeants\/\"]}]},{\"@type\":\"BreadcrumbList\",\"@id\":\"https:\/\/sodecao.cm\/dirigeants\/#breadcrumb\",\"itemListElement\":[{\"@type\":\"ListItem\",\"position\":1,\"name\":\"Accueil\",\"item\":\"https:\/\/sodecao.cm\/\"},{\"@type\":\"ListItem\",\"position\":2,\"name\":\"Dirigeants\"}]},{\"@type\":\"WebSite\",\"@id\":\"https:\/\/sodecao.cm\/#website\",\"url\":\"https:\/\/sodecao.cm\/\",\"name\":\"Soci\u00e9t\u00e9 de D\u00e9veloppement du Cacao\",\"description\":\"Prot\u00e9ger le verger cacaoyer\",\"publisher\":{\"@id\":\"https:\/\/sodecao.cm\/#organization\"},\"potentialAction\":[{\"@type\":\"SearchAction\",\"target\":{\"@type\":\"EntryPoint\",\"urlTemplate\":\"https:\/\/sodecao.cm\/?s={search_term_string}\"},\"query-input\":\"required name=search_term_string\"}],\"inLanguage\":\"en-GB\"},{\"@type\":\"Organization\",\"@id\":\"https:\/\/sodecao.cm\/#organization\",\"name\":\"Soci\u00e9t\u00e9 de D\u00e9veloppement du Cacao\",\"alternateName\":\"sodecao\",\"url\":\"https:\/\/sodecao.cm\/\",\"logo\":{\"@type\":\"ImageObject\",\"inLanguage\":\"en-GB\",\"@id\":\"https:\/\/sodecao.cm\/#\/schema\/logo\/image\/\",\"url\":\"https:\/\/sodecao.cm\/wp-content\/uploads\/2019\/09\/1532562884-1.jpg\",\"contentUrl\":\"https:\/\/sodecao.cm\/wp-content\/uploads\/2019\/09\/1532562884-1.jpg\",\"width\":308,\"height\":55,\"caption\":\"Soci\u00e9t\u00e9 de D\u00e9veloppement du Cacao\"},\"image\":{\"@id\":\"https:\/\/sodecao.cm\/#\/schema\/logo\/image\/\"}}]}<\/script>\n<!-- \/ Yoast SEO plugin. -->","yoast_head_json":{"title":"Dirigeants - Soci\u00e9t\u00e9 de D\u00e9veloppement du Cacao","robots":{"index":"index","follow":"follow","max-snippet":"max-snippet:-1","max-image-preview":"max-image-preview:large","max-video-preview":"max-video-preview:-1"},"canonical":"https:\/\/sodecao.cm\/en\/dirigeants\/","og_locale":"en_GB","og_type":"article","og_title":"Dirigeants - Soci\u00e9t\u00e9 de D\u00e9veloppement du Cacao","og_description":"NGBA Zacharie Pr\u00e9sident du Conseil d&rsquo;Administration N\u00e9 le 08 octobre&#46;&#46;&#46;","og_url":"https:\/\/sodecao.cm\/en\/dirigeants\/","og_site_name":"Soci\u00e9t\u00e9 de D\u00e9veloppement du Cacao","article_modified_time":"2023-11-14T11:12:32+00:00","og_image":[{"url":"https:\/\/sodecao.cm\/wp-content\/uploads\/2020\/09\/image004-1024x958.png"}],"twitter_card":"summary_large_image","twitter_misc":{"Estimated reading time":"3 minutes"},"schema":{"@context":"https:\/\/schema.org","@graph":[{"@type":"WebPage","@id":"https:\/\/sodecao.cm\/dirigeants\/","url":"https:\/\/sodecao.cm\/dirigeants\/","name":"Dirigeants - Soci\u00e9t\u00e9 de D\u00e9veloppement du Cacao","isPartOf":{"@id":"https:\/\/sodecao.cm\/#website"},"datePublished":"2023-11-14T11:01:05+00:00","dateModified":"2023-11-14T11:12:32+00:00","breadcrumb":{"@id":"https:\/\/sodecao.cm\/dirigeants\/#breadcrumb"},"inLanguage":"en-GB","potentialAction":[{"@type":"ReadAction","target":["https:\/\/sodecao.cm\/dirigeants\/"]}]},{"@type":"BreadcrumbList","@id":"https:\/\/sodecao.cm\/dirigeants\/#breadcrumb","itemListElement":[{"@type":"ListItem","position":1,"name":"Accueil","item":"https:\/\/sodecao.cm\/"},{"@type":"ListItem","position":2,"name":"Dirigeants"}]},{"@type":"WebSite","@id":"https:\/\/sodecao.cm\/#website","url":"https:\/\/sodecao.cm\/","name":"Soci\u00e9t\u00e9 de D\u00e9veloppement du Cacao","description":"Prot\u00e9ger le verger cacaoyer","publisher":{"@id":"https:\/\/sodecao.cm\/#organization"},"potentialAction":[{"@type":"SearchAction","target":{"@type":"EntryPoint","urlTemplate":"https:\/\/sodecao.cm\/?s={search_term_string}"},"query-input":"required name=search_term_string"}],"inLanguage":"en-GB"},{"@type":"Organization","@id":"https:\/\/sodecao.cm\/#organization","name":"Soci\u00e9t\u00e9 de D\u00e9veloppement du Cacao","alternateName":"sodecao","url":"https:\/\/sodecao.cm\/","logo":{"@type":"ImageObject","inLanguage":"en-GB","@id":"https:\/\/sodecao.cm\/#\/schema\/logo\/image\/","url":"https:\/\/sodecao.cm\/wp-content\/uploads\/2019\/09\/1532562884-1.jpg","contentUrl":"https:\/\/sodecao.cm\/wp-content\/uploads\/2019\/09\/1532562884-1.jpg","width":308,"height":55,"caption":"Soci\u00e9t\u00e9 de D\u00e9veloppement du Cacao"},"image":{"@id":"https:\/\/sodecao.cm\/#\/schema\/logo\/image\/"}}]}},"_links":{"self":[{"href":"https:\/\/sodecao.cm\/en\/wp-json\/wp\/v2\/pages\/3647"}],"collection":[{"href":"https:\/\/sodecao.cm\/en\/wp-json\/wp\/v2\/pages"}],"about":[{"href":"https:\/\/sodecao.cm\/en\/wp-json\/wp\/v2\/types\/page"}],"author":[{"embeddable":true,"href":"https:\/\/sodecao.cm\/en\/wp-json\/wp\/v2\/users\/1"}],"replies":[{"embeddable":true,"href":"https:\/\/sodecao.cm\/en\/wp-json\/wp\/v2\/comments?post=3647"}],"version-history":[{"count":2,"href":"https:\/\/sodecao.cm\/en\/wp-json\/wp\/v2\/pages\/3647\/revisions"}],"predecessor-version":[{"id":3650,"href":"https:\/\/sodecao.cm\/en\/wp-json\/wp\/v2\/pages\/3647\/revisions\/3650"}],"wp:attachment":[{"href":"https:\/\/sodecao.cm\/en\/wp-json\/wp\/v2\/media?parent=3647"}],"curies":[{"name":"wp","href":"https:\/\/api.w.org\/{rel}","templated":true}]}}