{"id":570,"date":"2020-04-06T06:44:03","date_gmt":"2020-04-06T06:44:03","guid":{"rendered":"http:\/\/sodecao.cm\/?page_id=570"},"modified":"2023-10-12T14:38:29","modified_gmt":"2023-10-12T14:38:29","slug":"presentation","status":"publish","type":"page","link":"https:\/\/sodecao.cm\/en\/presentation\/","title":{"rendered":"Presentation"},"content":{"rendered":"<p>SODECAO is comprised of:<\/p>\n<p>A head office (General Management) and 127 external units distributed as follows:<\/p>\n<p>08 Centres, 25 Sectors and 94 Sections. It owns 03 large seed fields which produce basic seeds (seed pods).<\/p>\n<p>SODECAO has 100 cocoa seedling nurseries located in the external units. It produces banana seedlings \u201cPif\u201d in two Centres involved in the massive production of vivo plantlets.<\/p>","protected":false},"excerpt":{"rendered":"<p>La SODECAO comprend : Un si\u00e8ge \u00ab\u00a0Direction G\u00e9n\u00e9rale\u00a0\u00bb et 127&#46;&#46;&#46;<\/p>","protected":false},"author":1,"featured_media":0,"parent":0,"menu_order":0,"comment_status":"closed","ping_status":"closed","template":"","meta":{"_bbp_topic_count":0,"_bbp_reply_count":0,"_bbp_total_topic_count":0,"_bbp_total_reply_count":0,"_bbp_voice_count":0,"_bbp_anonymous_reply_count":0,"_bbp_topic_count_hidden":0,"_bbp_reply_count_hidden":0,"_bbp_forum_subforum_count":0,"footnotes":""},"yoast_head":"<!-- This site is optimized with the Yoast SEO plugin v21.4 - https:\/\/yoast.com\/wordpress\/plugins\/seo\/ -->\n<title>Pr\u00e9sentation - Soci\u00e9t\u00e9 de D\u00e9veloppement du Cacao<\/title>\n<meta name=\"robots\" content=\"index, follow, max-snippet:-1, max-image-preview:large, max-video-preview:-1\" \/>\n<link rel=\"canonical\" href=\"https:\/\/sodecao.cm\/en\/presentation\/\" \/>\n<meta property=\"og:locale\" content=\"en_GB\" \/>\n<meta property=\"og:type\" content=\"article\" \/>\n<meta property=\"og:title\" content=\"Pr\u00e9sentation - Soci\u00e9t\u00e9 de D\u00e9veloppement du Cacao\" \/>\n<meta property=\"og:description\" content=\"La SODECAO comprend : Un si\u00e8ge \u00ab\u00a0Direction G\u00e9n\u00e9rale\u00a0\u00bb et 127&#046;&#046;&#046;\" \/>\n<meta property=\"og:url\" content=\"https:\/\/sodecao.cm\/en\/presentation\/\" \/>\n<meta property=\"og:site_name\" content=\"Soci\u00e9t\u00e9 de D\u00e9veloppement du Cacao\" \/>\n<meta property=\"article:modified_time\" content=\"2023-10-12T14:38:29+00:00\" \/>\n<meta name=\"twitter:card\" content=\"summary_large_image\" \/>\n<script type=\"application\/ld+json\" class=\"yoast-schema-graph\">{\"@context\":\"https:\/\/schema.org\",\"@graph\":[{\"@type\":\"WebPage\",\"@id\":\"https:\/\/sodecao.cm\/presentation\/\",\"url\":\"https:\/\/sodecao.cm\/presentation\/\",\"name\":\"Pr\u00e9sentation - Soci\u00e9t\u00e9 de D\u00e9veloppement du Cacao\",\"isPartOf\":{\"@id\":\"https:\/\/sodecao.cm\/#website\"},\"datePublished\":\"2020-04-06T06:44:03+00:00\",\"dateModified\":\"2023-10-12T14:38:29+00:00\",\"breadcrumb\":{\"@id\":\"https:\/\/sodecao.cm\/presentation\/#breadcrumb\"},\"inLanguage\":\"en-GB\",\"potentialAction\":[{\"@type\":\"ReadAction\",\"target\":[\"https:\/\/sodecao.cm\/presentation\/\"]}]},{\"@type\":\"BreadcrumbList\",\"@id\":\"https:\/\/sodecao.cm\/presentation\/#breadcrumb\",\"itemListElement\":[{\"@type\":\"ListItem\",\"position\":1,\"name\":\"Accueil\",\"item\":\"https:\/\/sodecao.cm\/\"},{\"@type\":\"ListItem\",\"position\":2,\"name\":\"Pr\u00e9sentation\"}]},{\"@type\":\"WebSite\",\"@id\":\"https:\/\/sodecao.cm\/#website\",\"url\":\"https:\/\/sodecao.cm\/\",\"name\":\"Soci\u00e9t\u00e9 de D\u00e9veloppement du Cacao\",\"description\":\"Prot\u00e9ger le verger cacaoyer\",\"publisher\":{\"@id\":\"https:\/\/sodecao.cm\/#organization\"},\"potentialAction\":[{\"@type\":\"SearchAction\",\"target\":{\"@type\":\"EntryPoint\",\"urlTemplate\":\"https:\/\/sodecao.cm\/?s={search_term_string}\"},\"query-input\":\"required name=search_term_string\"}],\"inLanguage\":\"en-GB\"},{\"@type\":\"Organization\",\"@id\":\"https:\/\/sodecao.cm\/#organization\",\"name\":\"Soci\u00e9t\u00e9 de D\u00e9veloppement du Cacao\",\"alternateName\":\"sodecao\",\"url\":\"https:\/\/sodecao.cm\/\",\"logo\":{\"@type\":\"ImageObject\",\"inLanguage\":\"en-GB\",\"@id\":\"https:\/\/sodecao.cm\/#\/schema\/logo\/image\/\",\"url\":\"https:\/\/sodecao.cm\/wp-content\/uploads\/2019\/09\/1532562884-1.jpg\",\"contentUrl\":\"https:\/\/sodecao.cm\/wp-content\/uploads\/2019\/09\/1532562884-1.jpg\",\"width\":308,\"height\":55,\"caption\":\"Soci\u00e9t\u00e9 de D\u00e9veloppement du Cacao\"},\"image\":{\"@id\":\"https:\/\/sodecao.cm\/#\/schema\/logo\/image\/\"}}]}<\/script>\n<!-- \/ Yoast SEO plugin. -->","yoast_head_json":{"title":"Pr\u00e9sentation - Soci\u00e9t\u00e9 de D\u00e9veloppement du Cacao","robots":{"index":"index","follow":"follow","max-snippet":"max-snippet:-1","max-image-preview":"max-image-preview:large","max-video-preview":"max-video-preview:-1"},"canonical":"https:\/\/sodecao.cm\/en\/presentation\/","og_locale":"en_GB","og_type":"article","og_title":"Pr\u00e9sentation - Soci\u00e9t\u00e9 de D\u00e9veloppement du Cacao","og_description":"La SODECAO comprend : Un si\u00e8ge \u00ab\u00a0Direction G\u00e9n\u00e9rale\u00a0\u00bb et 127&#46;&#46;&#46;","og_url":"https:\/\/sodecao.cm\/en\/presentation\/","og_site_name":"Soci\u00e9t\u00e9 de D\u00e9veloppement du Cacao","article_modified_time":"2023-10-12T14:38:29+00:00","twitter_card":"summary_large_image","schema":{"@context":"https:\/\/schema.org","@graph":[{"@type":"WebPage","@id":"https:\/\/sodecao.cm\/presentation\/","url":"https:\/\/sodecao.cm\/presentation\/","name":"Pr\u00e9sentation - Soci\u00e9t\u00e9 de D\u00e9veloppement du Cacao","isPartOf":{"@id":"https:\/\/sodecao.cm\/#website"},"datePublished":"2020-04-06T06:44:03+00:00","dateModified":"2023-10-12T14:38:29+00:00","breadcrumb":{"@id":"https:\/\/sodecao.cm\/presentation\/#breadcrumb"},"inLanguage":"en-GB","potentialAction":[{"@type":"ReadAction","target":["https:\/\/sodecao.cm\/presentation\/"]}]},{"@type":"BreadcrumbList","@id":"https:\/\/sodecao.cm\/presentation\/#breadcrumb","itemListElement":[{"@type":"ListItem","position":1,"name":"Accueil","item":"https:\/\/sodecao.cm\/"},{"@type":"ListItem","position":2,"name":"Pr\u00e9sentation"}]},{"@type":"WebSite","@id":"https:\/\/sodecao.cm\/#website","url":"https:\/\/sodecao.cm\/","name":"Soci\u00e9t\u00e9 de D\u00e9veloppement du Cacao","description":"Prot\u00e9ger le verger cacaoyer","publisher":{"@id":"https:\/\/sodecao.cm\/#organization"},"potentialAction":[{"@type":"SearchAction","target":{"@type":"EntryPoint","urlTemplate":"https:\/\/sodecao.cm\/?s={search_term_string}"},"query-input":"required name=search_term_string"}],"inLanguage":"en-GB"},{"@type":"Organization","@id":"https:\/\/sodecao.cm\/#organization","name":"Soci\u00e9t\u00e9 de D\u00e9veloppement du Cacao","alternateName":"sodecao","url":"https:\/\/sodecao.cm\/","logo":{"@type":"ImageObject","inLanguage":"en-GB","@id":"https:\/\/sodecao.cm\/#\/schema\/logo\/image\/","url":"https:\/\/sodecao.cm\/wp-content\/uploads\/2019\/09\/1532562884-1.jpg","contentUrl":"https:\/\/sodecao.cm\/wp-content\/uploads\/2019\/09\/1532562884-1.jpg","width":308,"height":55,"caption":"Soci\u00e9t\u00e9 de D\u00e9veloppement du Cacao"},"image":{"@id":"https:\/\/sodecao.cm\/#\/schema\/logo\/image\/"}}]}},"_links":{"self":[{"href":"https:\/\/sodecao.cm\/en\/wp-json\/wp\/v2\/pages\/570"}],"collection":[{"href":"https:\/\/sodecao.cm\/en\/wp-json\/wp\/v2\/pages"}],"about":[{"href":"https:\/\/sodecao.cm\/en\/wp-json\/wp\/v2\/types\/page"}],"author":[{"embeddable":true,"href":"https:\/\/sodecao.cm\/en\/wp-json\/wp\/v2\/users\/1"}],"replies":[{"embeddable":true,"href":"https:\/\/sodecao.cm\/en\/wp-json\/wp\/v2\/comments?post=570"}],"version-history":[{"count":16,"href":"https:\/\/sodecao.cm\/en\/wp-json\/wp\/v2\/pages\/570\/revisions"}],"predecessor-version":[{"id":3224,"href":"https:\/\/sodecao.cm\/en\/wp-json\/wp\/v2\/pages\/570\/revisions\/3224"}],"wp:attachment":[{"href":"https:\/\/sodecao.cm\/en\/wp-json\/wp\/v2\/media?parent=570"}],"curies":[{"name":"wp","href":"https:\/\/api.w.org\/{rel}","templated":true}]}}